{"id":61957,"date":"2026-04-09T00:02:19","date_gmt":"2026-04-08T21:02:19","guid":{"rendered":"https:\/\/rezekne.citro.lv\/veikals\/calu-krutinas-maza-fileja-svaiga-a-kat-400g-kekava\/"},"modified":"2026-04-11T06:00:10","modified_gmt":"2026-04-11T03:00:10","slug":"calu-krutinas-maza-fileja-svaiga-a-kat-400g-kekava","status":"publish","type":"product","link":"https:\/\/rezekne.citro.lv\/ru\/product\/calu-krutinas-maza-fileja-svaiga-a-kat-400g-kekava\/","title":{"rendered":"C\u0100\u013bU KR\u016aTI\u0145AS MAZ\u0100 FILEJA SVAIGA A KAT. 400G  \u0136EKAVA"},"content":{"rendered":"<p>Izcelsmes valsts: Latvija<\/p>\n","protected":false},"excerpt":{"rendered":"<p>7.98 \u20ac\/KG<\/p>\n","protected":false},"featured_media":62020,"template":"","meta":{"_acf_changed":false,"inline_featured_image":false},"product_cat":[135,190],"product_tag":[],"acf":[],"aioseo_notices":[],"_links":{"self":[{"href":"https:\/\/rezekne.citro.lv\/ru\/wp-json\/wp\/v2\/product\/61957"}],"collection":[{"href":"https:\/\/rezekne.citro.lv\/ru\/wp-json\/wp\/v2\/product"}],"about":[{"href":"https:\/\/rezekne.citro.lv\/ru\/wp-json\/wp\/v2\/types\/product"}],"wp:featuredmedia":[{"embeddable":true,"href":"https:\/\/rezekne.citro.lv\/ru\/wp-json\/wp\/v2\/media\/62020"}],"wp:attachment":[{"href":"https:\/\/rezekne.citro.lv\/ru\/wp-json\/wp\/v2\/media?parent=61957"}],"wp:term":[{"taxonomy":"product_cat","embeddable":true,"href":"https:\/\/rezekne.citro.lv\/ru\/wp-json\/wp\/v2\/product_cat?post=61957"},{"taxonomy":"product_tag","embeddable":true,"href":"https:\/\/rezekne.citro.lv\/ru\/wp-json\/wp\/v2\/product_tag?post=61957"}],"curies":[{"name":"wp","href":"https:\/\/api.w.org\/{rel}","templated":true}]}}