{"id":61967,"date":"2026-04-09T00:03:05","date_gmt":"2026-04-08T21:03:05","guid":{"rendered":"https:\/\/rezekne.citro.lv\/veikals\/kaposti-stoveti-ar-karamelizetiem-sipoliem-500g\/"},"modified":"2026-05-06T06:01:07","modified_gmt":"2026-05-06T03:01:07","slug":"kaposti-stoveti-ar-karamelizetiem-sipoliem-500g","status":"publish","type":"product","link":"https:\/\/rezekne.citro.lv\/ru\/product\/kaposti-stoveti-ar-karamelizetiem-sipoliem-500g\/","title":{"rendered":"K\u0100POSTI \u0160TOV\u0112TI AR KARAMELIZ\u0112TIEM S\u012aPOLIEM 500G"},"content":{"rendered":"<p>Izcelsmes valsts: Latvija<\/p>\n","protected":false},"excerpt":{"rendered":"<p>4.30 \u20ac\/KG<\/p>\n","protected":false},"featured_media":62011,"template":"","meta":{"_acf_changed":false,"inline_featured_image":false},"product_cat":[97,159],"product_tag":[],"acf":[],"aioseo_notices":[],"_links":{"self":[{"href":"https:\/\/rezekne.citro.lv\/ru\/wp-json\/wp\/v2\/product\/61967"}],"collection":[{"href":"https:\/\/rezekne.citro.lv\/ru\/wp-json\/wp\/v2\/product"}],"about":[{"href":"https:\/\/rezekne.citro.lv\/ru\/wp-json\/wp\/v2\/types\/product"}],"wp:featuredmedia":[{"embeddable":true,"href":"https:\/\/rezekne.citro.lv\/ru\/wp-json\/wp\/v2\/media\/62011"}],"wp:attachment":[{"href":"https:\/\/rezekne.citro.lv\/ru\/wp-json\/wp\/v2\/media?parent=61967"}],"wp:term":[{"taxonomy":"product_cat","embeddable":true,"href":"https:\/\/rezekne.citro.lv\/ru\/wp-json\/wp\/v2\/product_cat?post=61967"},{"taxonomy":"product_tag","embeddable":true,"href":"https:\/\/rezekne.citro.lv\/ru\/wp-json\/wp\/v2\/product_tag?post=61967"}],"curies":[{"name":"wp","href":"https:\/\/api.w.org\/{rel}","templated":true}]}}