{"id":62041,"date":"2026-03-26T00:02:07","date_gmt":"2026-03-25T22:02:07","guid":{"rendered":"https:\/\/rezekne.citro.lv\/veikals\/bariba-kakiem-whiskas-1-majputnu-izlase-4-paka-pouch-4x85g\/"},"modified":"2026-04-06T06:00:09","modified_gmt":"2026-04-06T03:00:09","slug":"bariba-kakiem-whiskas-1-majputnu-izlase-4-paka-pouch-4x85g","status":"publish","type":"product","link":"https:\/\/rezekne.citro.lv\/ru\/product\/bariba-kakiem-whiskas-1-majputnu-izlase-4-paka-pouch-4x85g\/","title":{"rendered":"BAR\u012aBA KA\u0136IEM WHISKAS 1+ M\u0100JPUTNU IZLASE 4-PAKA POUCH 4X85G"},"content":{"rendered":"<p>Izcelsmes valsts: Lietuva<\/p>\n","protected":false},"excerpt":{"rendered":"<p>6.74 \u20ac\/KG<\/p>\n","protected":false},"featured_media":77090,"template":"","meta":{"_acf_changed":false,"inline_featured_image":false},"product_cat":[153,175],"product_tag":[],"acf":[],"aioseo_notices":[],"_links":{"self":[{"href":"https:\/\/rezekne.citro.lv\/ru\/wp-json\/wp\/v2\/product\/62041"}],"collection":[{"href":"https:\/\/rezekne.citro.lv\/ru\/wp-json\/wp\/v2\/product"}],"about":[{"href":"https:\/\/rezekne.citro.lv\/ru\/wp-json\/wp\/v2\/types\/product"}],"wp:featuredmedia":[{"embeddable":true,"href":"https:\/\/rezekne.citro.lv\/ru\/wp-json\/wp\/v2\/media\/77090"}],"wp:attachment":[{"href":"https:\/\/rezekne.citro.lv\/ru\/wp-json\/wp\/v2\/media?parent=62041"}],"wp:term":[{"taxonomy":"product_cat","embeddable":true,"href":"https:\/\/rezekne.citro.lv\/ru\/wp-json\/wp\/v2\/product_cat?post=62041"},{"taxonomy":"product_tag","embeddable":true,"href":"https:\/\/rezekne.citro.lv\/ru\/wp-json\/wp\/v2\/product_tag?post=62041"}],"curies":[{"name":"wp","href":"https:\/\/api.w.org\/{rel}","templated":true}]}}