{"id":62042,"date":"2026-05-07T00:06:05","date_gmt":"2026-05-06T21:06:05","guid":{"rendered":"https:\/\/rezekne.citro.lv\/veikals\/bariba-kakiem-sausa-whiskas-ar-vistas-galu-800g\/"},"modified":"2026-05-10T06:04:51","modified_gmt":"2026-05-10T03:04:51","slug":"bariba-kakiem-sausa-whiskas-ar-vistas-galu-800g","status":"publish","type":"product","link":"https:\/\/rezekne.citro.lv\/ru\/product\/bariba-kakiem-sausa-whiskas-ar-vistas-galu-800g\/","title":{"rendered":"BAR\u012aBA KA\u0136IEM SAUS\u0100 WHISKAS AR VISTAS GA\u013bU 800G"},"content":{"rendered":"<p>Izcelsmes valsts: \u010cehija<\/p>\n","protected":false},"excerpt":{"rendered":"<p>4.49 \u20ac\/KG<\/p>\n","protected":false},"featured_media":62186,"template":"","meta":{"_acf_changed":false,"inline_featured_image":false},"product_cat":[153,175],"product_tag":[],"acf":[],"aioseo_notices":[],"_links":{"self":[{"href":"https:\/\/rezekne.citro.lv\/ru\/wp-json\/wp\/v2\/product\/62042"}],"collection":[{"href":"https:\/\/rezekne.citro.lv\/ru\/wp-json\/wp\/v2\/product"}],"about":[{"href":"https:\/\/rezekne.citro.lv\/ru\/wp-json\/wp\/v2\/types\/product"}],"wp:featuredmedia":[{"embeddable":true,"href":"https:\/\/rezekne.citro.lv\/ru\/wp-json\/wp\/v2\/media\/62186"}],"wp:attachment":[{"href":"https:\/\/rezekne.citro.lv\/ru\/wp-json\/wp\/v2\/media?parent=62042"}],"wp:term":[{"taxonomy":"product_cat","embeddable":true,"href":"https:\/\/rezekne.citro.lv\/ru\/wp-json\/wp\/v2\/product_cat?post=62042"},{"taxonomy":"product_tag","embeddable":true,"href":"https:\/\/rezekne.citro.lv\/ru\/wp-json\/wp\/v2\/product_tag?post=62042"}],"curies":[{"name":"wp","href":"https:\/\/api.w.org\/{rel}","templated":true}]}}