{"id":62045,"date":"2026-03-26T00:34:17","date_gmt":"2026-03-25T22:34:17","guid":{"rendered":"https:\/\/rezekne.citro.lv\/veikals\/bariba-kakiem-whiskas-junior-klasiska-izlase-4-paka-kakeniem-pouch-4x85g\/"},"modified":"2026-05-09T06:25:46","modified_gmt":"2026-05-09T03:25:46","slug":"bariba-kakiem-whiskas-junior-klasiska-izlase-4-paka-kakeniem-pouch-4x85g","status":"publish","type":"product","link":"https:\/\/rezekne.citro.lv\/ru\/product\/bariba-kakiem-whiskas-junior-klasiska-izlase-4-paka-kakeniem-pouch-4x85g\/","title":{"rendered":"BAR\u012aBA KA\u0136IEM WHISKAS JUNIOR KLASISK\u0100 IZLASE 4-PAKA KA\u0136\u0112NIEM POUCH 4X85G"},"content":{"rendered":"<p>Izcelsmes valsts: Polija<\/p>\n","protected":false},"excerpt":{"rendered":"<p>6.74 \u20ac\/KG<\/p>\n","protected":false},"featured_media":77159,"template":"","meta":{"_acf_changed":false,"inline_featured_image":false},"product_cat":[153,175],"product_tag":[],"acf":[],"aioseo_notices":[],"_links":{"self":[{"href":"https:\/\/rezekne.citro.lv\/ru\/wp-json\/wp\/v2\/product\/62045"}],"collection":[{"href":"https:\/\/rezekne.citro.lv\/ru\/wp-json\/wp\/v2\/product"}],"about":[{"href":"https:\/\/rezekne.citro.lv\/ru\/wp-json\/wp\/v2\/types\/product"}],"wp:featuredmedia":[{"embeddable":true,"href":"https:\/\/rezekne.citro.lv\/ru\/wp-json\/wp\/v2\/media\/77159"}],"wp:attachment":[{"href":"https:\/\/rezekne.citro.lv\/ru\/wp-json\/wp\/v2\/media?parent=62045"}],"wp:term":[{"taxonomy":"product_cat","embeddable":true,"href":"https:\/\/rezekne.citro.lv\/ru\/wp-json\/wp\/v2\/product_cat?post=62045"},{"taxonomy":"product_tag","embeddable":true,"href":"https:\/\/rezekne.citro.lv\/ru\/wp-json\/wp\/v2\/product_tag?post=62045"}],"curies":[{"name":"wp","href":"https:\/\/api.w.org\/{rel}","templated":true}]}}