{"id":62168,"date":"2026-04-23T00:47:18","date_gmt":"2026-04-22T21:47:18","guid":{"rendered":"https:\/\/rezekne.citro.lv\/veikals\/calu-krutinas-fileja-svaiga-a-kat-500g-kekava\/"},"modified":"2026-05-12T06:04:58","modified_gmt":"2026-05-12T03:04:58","slug":"calu-krutinas-fileja-svaiga-a-kat-500g-kekava","status":"publish","type":"product","link":"https:\/\/rezekne.citro.lv\/ru\/product\/calu-krutinas-fileja-svaiga-a-kat-500g-kekava\/","title":{"rendered":"C\u0100\u013bU KR\u016aTI\u0145AS FILEJA SVAIGA A KAT. 500G  \u0136EKAVA"},"content":{"rendered":"<p>Izcelsmes valsts: Latvija<\/p>\n","protected":false},"excerpt":{"rendered":"<p>8.38 \u20ac\/KG<\/p>\n","protected":false},"featured_media":62170,"template":"","meta":{"_acf_changed":false,"inline_featured_image":false},"product_cat":[135,190],"product_tag":[],"acf":[],"aioseo_notices":[],"_links":{"self":[{"href":"https:\/\/rezekne.citro.lv\/ru\/wp-json\/wp\/v2\/product\/62168"}],"collection":[{"href":"https:\/\/rezekne.citro.lv\/ru\/wp-json\/wp\/v2\/product"}],"about":[{"href":"https:\/\/rezekne.citro.lv\/ru\/wp-json\/wp\/v2\/types\/product"}],"wp:featuredmedia":[{"embeddable":true,"href":"https:\/\/rezekne.citro.lv\/ru\/wp-json\/wp\/v2\/media\/62170"}],"wp:attachment":[{"href":"https:\/\/rezekne.citro.lv\/ru\/wp-json\/wp\/v2\/media?parent=62168"}],"wp:term":[{"taxonomy":"product_cat","embeddable":true,"href":"https:\/\/rezekne.citro.lv\/ru\/wp-json\/wp\/v2\/product_cat?post=62168"},{"taxonomy":"product_tag","embeddable":true,"href":"https:\/\/rezekne.citro.lv\/ru\/wp-json\/wp\/v2\/product_tag?post=62168"}],"curies":[{"name":"wp","href":"https:\/\/api.w.org\/{rel}","templated":true}]}}