{"id":62215,"date":"2026-04-23T01:16:10","date_gmt":"2026-04-22T22:16:10","guid":{"rendered":"https:\/\/rezekne.citro.lv\/veikals\/cukgalas-lapstina-ar-adu-bez-kaula-atdzeseta-sver\/"},"modified":"2026-05-03T15:00:18","modified_gmt":"2026-05-03T12:00:18","slug":"cukgalas-lapstina-ar-adu-bez-kaula-atdzeseta-sver","status":"publish","type":"product","link":"https:\/\/rezekne.citro.lv\/ru\/product\/cukgalas-lapstina-ar-adu-bez-kaula-atdzeseta-sver\/","title":{"rendered":"C\u016aKGA\u013bAS L\u0100PSTI\u0145A AR \u0100DU BEZ KAULA ATDZES\u0112TA SVER."},"content":{"rendered":"<p>Izcelsmes valsts: Latvija<br \/>Ra\u017eot\u0101js: SIA Lekon, Varo\u0146u iela 36b, R\u0113zekne  Audz\u0113ts:Nokauts: Ga\u013cas sadales datums:  Partijas Nr. C-   -LV  Uzglab\u0101t pie temperat\u016bras 0+4C<\/p>\n","protected":false},"excerpt":{"rendered":"<p>4.99 \u20ac\/KG<\/p>\n","protected":false},"featured_media":62212,"template":"","meta":{"_acf_changed":false,"inline_featured_image":false},"product_cat":[135,190],"product_tag":[],"acf":[],"aioseo_notices":[],"_links":{"self":[{"href":"https:\/\/rezekne.citro.lv\/ru\/wp-json\/wp\/v2\/product\/62215"}],"collection":[{"href":"https:\/\/rezekne.citro.lv\/ru\/wp-json\/wp\/v2\/product"}],"about":[{"href":"https:\/\/rezekne.citro.lv\/ru\/wp-json\/wp\/v2\/types\/product"}],"wp:featuredmedia":[{"embeddable":true,"href":"https:\/\/rezekne.citro.lv\/ru\/wp-json\/wp\/v2\/media\/62212"}],"wp:attachment":[{"href":"https:\/\/rezekne.citro.lv\/ru\/wp-json\/wp\/v2\/media?parent=62215"}],"wp:term":[{"taxonomy":"product_cat","embeddable":true,"href":"https:\/\/rezekne.citro.lv\/ru\/wp-json\/wp\/v2\/product_cat?post=62215"},{"taxonomy":"product_tag","embeddable":true,"href":"https:\/\/rezekne.citro.lv\/ru\/wp-json\/wp\/v2\/product_tag?post=62215"}],"curies":[{"name":"wp","href":"https:\/\/api.w.org\/{rel}","templated":true}]}}