{"id":62366,"date":"2026-03-12T00:02:07","date_gmt":"2026-03-11T22:02:07","guid":{"rendered":"https:\/\/rezekne.citro.lv\/veikals\/torte-auglu-citro-500g\/"},"modified":"2026-04-08T09:00:15","modified_gmt":"2026-04-08T06:00:15","slug":"torte-auglu-citro-500g","status":"publish","type":"product","link":"https:\/\/rezekne.citro.lv\/ru\/product\/torte-auglu-citro-500g\/","title":{"rendered":"TORTE AUG\u013bU CITRO 500G"},"content":{"rendered":"<p>Izcelsmes valsts: Latvija<br \/>Sast\u0101vda\u013cas: biskv\u012bts(OLAS:KVIE\u0160U MILTI:cukurs): konditorejas kr\u0113ms ar cukuru ((\u016bdens, piln\u012bgi hidrogen\u0113ta palmu kodolu e\u013c\u013ca25%, cukurs 12%, PIENA olbaltumvielas, emulgatori E472b, E322(SOJA), E 472e; stabiliz\u0113t\u0101ji: E460, E466, E340;aromatiz\u0113t\u0101js, kr\u0101sviela E160a)): aug\u013cu pild\u012bjums ((cukurs; \u0101bolu biezenis; zemenes; \u016bdens; roz\u012bnes; avenes; mellenes; pl\u016bmes; glikozes-fruktozes s\u012brups; modific\u0113ta ciete; biezin\u0101t\u0101ji: pekt\u012bns (E440), ksant\u0101na sve\u0137i (E415), \u017eelena sve\u0137i (E418); sk\u0101be: citronsk\u0101be (E330); kr\u0101svielas: antoci\u0101ni (E163), karm\u012bni (E120); aromatiz\u0113t\u0101ji; konservants: k\u0101lija sorb\u0101ts (E202)):\u016bdens;cukurs; margarins kremiem((augu tauki (palmu) un e\u013c\u013cas (rap\u0161u,  kokosriekstu, AUZU), \u016bdens)): bumbieru pus\u012btes viegl\u0101 s\u012brup\u01016%(bumbieru pus\u012btes, \u016bdens, cukurs, sk\u0101buma regul\u0113t\u0101js:citronsk\u0101be, antioksidants askorbinsk\u0101be): persiku pus\u012btes viegl\u0101 s\u012brup\u0101 4%(persiki , \u016bdens, cukurs, sk\u0101buma regul\u0113t\u0101js:citronsk\u0101be):kivi 4%:putukr\u0113juma stabilizators((cukurs, dekstroze,  \u017eelat\u012bns(c\u016bku), maltodekstr\u012bns, modific\u0113ta kukur\u016bzas ciete, sk\u0101buma regul\u0113t\u0101js citronsk\u0101be, p\u0101rtikas kr\u0101sviela:betanins , aromatviela ave\u0146u )): dz\u0113rvenes 1%; \u017eelejas pulveris ((cukurs, sk\u0101buma regul\u0113t\u0101ji E330, E331, E332, recin\u0101t\u0101ji E407, E440, biezin\u0101t\u0101ji E410, E414, dekstroze, karameliz\u0113ts cukurs, aromatiz\u0113t\u0101js)):kafija \u0161\u0137isto\u0161\u0101 Uzglab\u0101\u0161anas temperat\u016bra +2+6C Inform\u0101cija par uzturv\u0113rt\u012bbu:100 g produkta satur: ener\u0123\u0113tisk\u0101 v\u0113rt\u012bba 1072 kJ \/ 256kcal; tauki 12.7g, tostarp pies\u0101tin\u0101t\u0101s tauksk\u0101bes 10.6g; og\u013chidr\u0101ti 31.7g, tostarp cukuri 25.1g; \u0161\u0137iedrvielas 0.7g; olbaltumvielas 3.4g; s\u0101ls 0.1g.<\/p>\n","protected":false},"excerpt":{"rendered":"<p>10.98 \u20ac\/KG<\/p>\n","protected":false},"featured_media":65870,"template":"","meta":{"_acf_changed":false,"inline_featured_image":false},"product_cat":[109,220],"product_tag":[],"acf":[],"aioseo_notices":[],"_links":{"self":[{"href":"https:\/\/rezekne.citro.lv\/ru\/wp-json\/wp\/v2\/product\/62366"}],"collection":[{"href":"https:\/\/rezekne.citro.lv\/ru\/wp-json\/wp\/v2\/product"}],"about":[{"href":"https:\/\/rezekne.citro.lv\/ru\/wp-json\/wp\/v2\/types\/product"}],"wp:featuredmedia":[{"embeddable":true,"href":"https:\/\/rezekne.citro.lv\/ru\/wp-json\/wp\/v2\/media\/65870"}],"wp:attachment":[{"href":"https:\/\/rezekne.citro.lv\/ru\/wp-json\/wp\/v2\/media?parent=62366"}],"wp:term":[{"taxonomy":"product_cat","embeddable":true,"href":"https:\/\/rezekne.citro.lv\/ru\/wp-json\/wp\/v2\/product_cat?post=62366"},{"taxonomy":"product_tag","embeddable":true,"href":"https:\/\/rezekne.citro.lv\/ru\/wp-json\/wp\/v2\/product_tag?post=62366"}],"curies":[{"name":"wp","href":"https:\/\/api.w.org\/{rel}","templated":true}]}}