{"id":62370,"date":"2026-05-07T00:01:46","date_gmt":"2026-05-06T21:01:46","guid":{"rendered":"https:\/\/rezekne.citro.lv\/veikals\/pankukas-kartupelu-aviko-saldetas-600g\/"},"modified":"2026-05-10T06:00:12","modified_gmt":"2026-05-10T03:00:12","slug":"pankukas-kartupelu-aviko-saldetas-600g","status":"publish","type":"product","link":"https:\/\/rezekne.citro.lv\/ru\/product\/pankukas-kartupelu-aviko-saldetas-600g\/","title":{"rendered":"PANK\u016aKAS KARTUPE\u013bU AVIKO SALD\u0112TAS 600G"},"content":{"rendered":"<p>Izcelsmes valsts: Polija<\/p>\n","protected":false},"excerpt":{"rendered":"<p>3.98 \u20ac\/KG<\/p>\n","protected":false},"featured_media":62420,"template":"","meta":{"_acf_changed":false,"inline_featured_image":false},"product_cat":[231,232],"product_tag":[],"acf":[],"aioseo_notices":[],"_links":{"self":[{"href":"https:\/\/rezekne.citro.lv\/ru\/wp-json\/wp\/v2\/product\/62370"}],"collection":[{"href":"https:\/\/rezekne.citro.lv\/ru\/wp-json\/wp\/v2\/product"}],"about":[{"href":"https:\/\/rezekne.citro.lv\/ru\/wp-json\/wp\/v2\/types\/product"}],"wp:featuredmedia":[{"embeddable":true,"href":"https:\/\/rezekne.citro.lv\/ru\/wp-json\/wp\/v2\/media\/62420"}],"wp:attachment":[{"href":"https:\/\/rezekne.citro.lv\/ru\/wp-json\/wp\/v2\/media?parent=62370"}],"wp:term":[{"taxonomy":"product_cat","embeddable":true,"href":"https:\/\/rezekne.citro.lv\/ru\/wp-json\/wp\/v2\/product_cat?post=62370"},{"taxonomy":"product_tag","embeddable":true,"href":"https:\/\/rezekne.citro.lv\/ru\/wp-json\/wp\/v2\/product_tag?post=62370"}],"curies":[{"name":"wp","href":"https:\/\/api.w.org\/{rel}","templated":true}]}}