{"id":62384,"date":"2026-01-29T00:02:10","date_gmt":"2026-01-28T22:02:10","guid":{"rendered":"https:\/\/rezekne.citro.lv\/veikals\/bariba-suniem-kons-piper-jersburkanibrunie-risi-800g\/"},"modified":"2026-04-07T06:00:07","modified_gmt":"2026-04-07T03:00:07","slug":"bariba-suniem-kons-piper-jersburkanibrunie-risi-800g","status":"publish","type":"product","link":"https:\/\/rezekne.citro.lv\/ru\/product\/bariba-suniem-kons-piper-jersburkanibrunie-risi-800g\/","title":{"rendered":"BAR\u012aBA SU\u0145IEM KONS. PIPER J\u0112RS,BURK\u0100NI,BR\u016aNIE R\u012aSI 800G"},"content":{"rendered":"<p>Izcelsmes valsts: Polija<\/p>\n","protected":false},"excerpt":{"rendered":"<p>4.49 \u20ac\/KG<\/p>\n","protected":false},"featured_media":62412,"template":"","meta":{"_acf_changed":false,"inline_featured_image":false},"product_cat":[153,171],"product_tag":[],"acf":[],"aioseo_notices":[],"_links":{"self":[{"href":"https:\/\/rezekne.citro.lv\/ru\/wp-json\/wp\/v2\/product\/62384"}],"collection":[{"href":"https:\/\/rezekne.citro.lv\/ru\/wp-json\/wp\/v2\/product"}],"about":[{"href":"https:\/\/rezekne.citro.lv\/ru\/wp-json\/wp\/v2\/types\/product"}],"wp:featuredmedia":[{"embeddable":true,"href":"https:\/\/rezekne.citro.lv\/ru\/wp-json\/wp\/v2\/media\/62412"}],"wp:attachment":[{"href":"https:\/\/rezekne.citro.lv\/ru\/wp-json\/wp\/v2\/media?parent=62384"}],"wp:term":[{"taxonomy":"product_cat","embeddable":true,"href":"https:\/\/rezekne.citro.lv\/ru\/wp-json\/wp\/v2\/product_cat?post=62384"},{"taxonomy":"product_tag","embeddable":true,"href":"https:\/\/rezekne.citro.lv\/ru\/wp-json\/wp\/v2\/product_tag?post=62384"}],"curies":[{"name":"wp","href":"https:\/\/api.w.org\/{rel}","templated":true}]}}