{"id":62395,"date":"2026-04-23T00:01:59","date_gmt":"2026-04-22T21:01:59","guid":{"rendered":"https:\/\/rezekne.citro.lv\/veikals\/kaposti-skabeti-ar-burkaniem-650g\/"},"modified":"2026-04-24T06:00:04","modified_gmt":"2026-04-24T03:00:04","slug":"kaposti-skabeti-ar-burkaniem-650g","status":"publish","type":"product","link":"https:\/\/rezekne.citro.lv\/ru\/product\/kaposti-skabeti-ar-burkaniem-650g\/","title":{"rendered":"K\u0100POSTI SK\u0100B\u0112TI AR BURK\u0100NIEM 650G"},"content":{"rendered":"<p>Izcelsmes valsts: Latvija<\/p>\n","protected":false},"excerpt":{"rendered":"<p>2.29 \u20ac\/KG<\/p>\n","protected":false},"featured_media":65772,"template":"","meta":{"_acf_changed":false,"inline_featured_image":false},"product_cat":[97,159],"product_tag":[],"acf":[],"aioseo_notices":[],"_links":{"self":[{"href":"https:\/\/rezekne.citro.lv\/ru\/wp-json\/wp\/v2\/product\/62395"}],"collection":[{"href":"https:\/\/rezekne.citro.lv\/ru\/wp-json\/wp\/v2\/product"}],"about":[{"href":"https:\/\/rezekne.citro.lv\/ru\/wp-json\/wp\/v2\/types\/product"}],"wp:featuredmedia":[{"embeddable":true,"href":"https:\/\/rezekne.citro.lv\/ru\/wp-json\/wp\/v2\/media\/65772"}],"wp:attachment":[{"href":"https:\/\/rezekne.citro.lv\/ru\/wp-json\/wp\/v2\/media?parent=62395"}],"wp:term":[{"taxonomy":"product_cat","embeddable":true,"href":"https:\/\/rezekne.citro.lv\/ru\/wp-json\/wp\/v2\/product_cat?post=62395"},{"taxonomy":"product_tag","embeddable":true,"href":"https:\/\/rezekne.citro.lv\/ru\/wp-json\/wp\/v2\/product_tag?post=62395"}],"curies":[{"name":"wp","href":"https:\/\/api.w.org\/{rel}","templated":true}]}}