{"id":62619,"date":"2026-03-26T00:02:15","date_gmt":"2026-03-25T22:02:15","guid":{"rendered":"https:\/\/rezekne.citro.lv\/veikals\/broileris-atdzesets-kg-hkscan\/"},"modified":"2026-04-06T06:00:13","modified_gmt":"2026-04-06T03:00:13","slug":"broileris-atdzesets-kg-hkscan","status":"publish","type":"product","link":"https:\/\/rezekne.citro.lv\/ru\/product\/broileris-atdzesets-kg-hkscan\/","title":{"rendered":"BROILERIS ATDZES\u0112TS KG HKSCAN"},"content":{"rendered":"<p>Izcelsmes valsts: Igaunija<br \/>Ra\u017eot\u0101js: A\/S R\u012bgas Miesnieks uzglab\u0101\u0161anas temp.+2-+6C<\/p>\n","protected":false},"excerpt":{"rendered":"<p>3.89 \u20ac\/KG<\/p>\n","protected":false},"featured_media":64504,"template":"","meta":{"_acf_changed":false,"inline_featured_image":false},"product_cat":[135,190],"product_tag":[],"acf":[],"aioseo_notices":[],"_links":{"self":[{"href":"https:\/\/rezekne.citro.lv\/ru\/wp-json\/wp\/v2\/product\/62619"}],"collection":[{"href":"https:\/\/rezekne.citro.lv\/ru\/wp-json\/wp\/v2\/product"}],"about":[{"href":"https:\/\/rezekne.citro.lv\/ru\/wp-json\/wp\/v2\/types\/product"}],"wp:featuredmedia":[{"embeddable":true,"href":"https:\/\/rezekne.citro.lv\/ru\/wp-json\/wp\/v2\/media\/64504"}],"wp:attachment":[{"href":"https:\/\/rezekne.citro.lv\/ru\/wp-json\/wp\/v2\/media?parent=62619"}],"wp:term":[{"taxonomy":"product_cat","embeddable":true,"href":"https:\/\/rezekne.citro.lv\/ru\/wp-json\/wp\/v2\/product_cat?post=62619"},{"taxonomy":"product_tag","embeddable":true,"href":"https:\/\/rezekne.citro.lv\/ru\/wp-json\/wp\/v2\/product_tag?post=62619"}],"curies":[{"name":"wp","href":"https:\/\/api.w.org\/{rel}","templated":true}]}}