{"id":62641,"date":"2026-04-23T00:45:50","date_gmt":"2026-04-22T21:45:50","guid":{"rendered":"https:\/\/rezekne.citro.lv\/veikals\/mineraludens-dabigais-zakumuiza-tutas-0-31l\/"},"modified":"2026-04-23T00:45:51","modified_gmt":"2026-04-22T21:45:51","slug":"mineraludens-dabigais-zakumuiza-tutas-0-31l","status":"publish","type":"product","link":"https:\/\/rezekne.citro.lv\/ru\/product\/mineraludens-dabigais-zakumuiza-tutas-0-31l\/","title":{"rendered":"MINER\u0100L\u016aDENS DAB\u012aGAIS ZA\u0136UMUI\u017dA TUTAS 0.31L"},"content":{"rendered":"<p>Izcelsmes valsts: Latvija<\/p>\n","protected":false},"excerpt":{"rendered":"<p>1.90 \u20ac\/L<\/p>\n","protected":false},"featured_media":62693,"template":"","meta":{"_acf_changed":false,"inline_featured_image":false},"product_cat":[106,186],"product_tag":[],"acf":[],"aioseo_notices":[],"_links":{"self":[{"href":"https:\/\/rezekne.citro.lv\/ru\/wp-json\/wp\/v2\/product\/62641"}],"collection":[{"href":"https:\/\/rezekne.citro.lv\/ru\/wp-json\/wp\/v2\/product"}],"about":[{"href":"https:\/\/rezekne.citro.lv\/ru\/wp-json\/wp\/v2\/types\/product"}],"wp:featuredmedia":[{"embeddable":true,"href":"https:\/\/rezekne.citro.lv\/ru\/wp-json\/wp\/v2\/media\/62693"}],"wp:attachment":[{"href":"https:\/\/rezekne.citro.lv\/ru\/wp-json\/wp\/v2\/media?parent=62641"}],"wp:term":[{"taxonomy":"product_cat","embeddable":true,"href":"https:\/\/rezekne.citro.lv\/ru\/wp-json\/wp\/v2\/product_cat?post=62641"},{"taxonomy":"product_tag","embeddable":true,"href":"https:\/\/rezekne.citro.lv\/ru\/wp-json\/wp\/v2\/product_tag?post=62641"}],"curies":[{"name":"wp","href":"https:\/\/api.w.org\/{rel}","templated":true}]}}