{"id":62665,"date":"2026-04-23T00:05:55","date_gmt":"2026-04-22T21:05:55","guid":{"rendered":"https:\/\/rezekne.citro.lv\/veikals\/saulespuku-seklas-bazaro-melnas-ceptas-ar-sali-300g\/"},"modified":"2026-04-28T06:01:16","modified_gmt":"2026-04-28T03:01:16","slug":"saulespuku-seklas-bazaro-melnas-ceptas-ar-sali-300g","status":"publish","type":"product","link":"https:\/\/rezekne.citro.lv\/ru\/product\/saulespuku-seklas-bazaro-melnas-ceptas-ar-sali-300g\/","title":{"rendered":"SAULESPU\u0136U S\u0112KLAS BAZARO MELNAS CEPTAS AR S\u0100LI 300G"},"content":{"rendered":"<p>Izcelsmes valsts: Lietuva<\/p>\n","protected":false},"excerpt":{"rendered":"<p>10.97 \u20ac\/KG<\/p>\n","protected":false},"featured_media":63299,"template":"","meta":{"_acf_changed":false,"inline_featured_image":false},"product_cat":[125,197],"product_tag":[],"acf":[],"aioseo_notices":[],"_links":{"self":[{"href":"https:\/\/rezekne.citro.lv\/ru\/wp-json\/wp\/v2\/product\/62665"}],"collection":[{"href":"https:\/\/rezekne.citro.lv\/ru\/wp-json\/wp\/v2\/product"}],"about":[{"href":"https:\/\/rezekne.citro.lv\/ru\/wp-json\/wp\/v2\/types\/product"}],"wp:featuredmedia":[{"embeddable":true,"href":"https:\/\/rezekne.citro.lv\/ru\/wp-json\/wp\/v2\/media\/63299"}],"wp:attachment":[{"href":"https:\/\/rezekne.citro.lv\/ru\/wp-json\/wp\/v2\/media?parent=62665"}],"wp:term":[{"taxonomy":"product_cat","embeddable":true,"href":"https:\/\/rezekne.citro.lv\/ru\/wp-json\/wp\/v2\/product_cat?post=62665"},{"taxonomy":"product_tag","embeddable":true,"href":"https:\/\/rezekne.citro.lv\/ru\/wp-json\/wp\/v2\/product_tag?post=62665"}],"curies":[{"name":"wp","href":"https:\/\/api.w.org\/{rel}","templated":true}]}}