{"id":62667,"date":"2025-09-11T00:46:13","date_gmt":"2025-09-10T21:46:13","guid":{"rendered":"https:\/\/rezekne.citro.lv\/veikals\/pakaisi-kakiem-un-maziem-dzivniekiem-universalie-koka-7l-4-kg\/"},"modified":"2025-09-11T00:46:17","modified_gmt":"2025-09-10T21:46:17","slug":"pakaisi-kakiem-un-maziem-dzivniekiem-universalie-koka-7l-4-kg","status":"publish","type":"product","link":"https:\/\/rezekne.citro.lv\/ru\/product\/pakaisi-kakiem-un-maziem-dzivniekiem-universalie-koka-7l-4-kg\/","title":{"rendered":"PAKAI\u0160I KA\u0136IEM UN MAZIEM DZ\u012aVNIEKIEM UNIVERS\u0100LIE KOKA 7L 4 KG"},"content":{"rendered":"<p>Izcelsmes valsts: Polija<\/p>\n","protected":false},"excerpt":{"rendered":"<p>1.75 \u20ac\/KG<\/p>\n","protected":false},"featured_media":63202,"template":"","meta":{"_acf_changed":false,"inline_featured_image":false},"product_cat":[153,154],"product_tag":[],"acf":[],"aioseo_notices":[],"_links":{"self":[{"href":"https:\/\/rezekne.citro.lv\/ru\/wp-json\/wp\/v2\/product\/62667"}],"collection":[{"href":"https:\/\/rezekne.citro.lv\/ru\/wp-json\/wp\/v2\/product"}],"about":[{"href":"https:\/\/rezekne.citro.lv\/ru\/wp-json\/wp\/v2\/types\/product"}],"wp:featuredmedia":[{"embeddable":true,"href":"https:\/\/rezekne.citro.lv\/ru\/wp-json\/wp\/v2\/media\/63202"}],"wp:attachment":[{"href":"https:\/\/rezekne.citro.lv\/ru\/wp-json\/wp\/v2\/media?parent=62667"}],"wp:term":[{"taxonomy":"product_cat","embeddable":true,"href":"https:\/\/rezekne.citro.lv\/ru\/wp-json\/wp\/v2\/product_cat?post=62667"},{"taxonomy":"product_tag","embeddable":true,"href":"https:\/\/rezekne.citro.lv\/ru\/wp-json\/wp\/v2\/product_tag?post=62667"}],"curies":[{"name":"wp","href":"https:\/\/api.w.org\/{rel}","templated":true}]}}