{"id":62670,"date":"2026-03-26T00:06:09","date_gmt":"2026-03-25T22:06:09","guid":{"rendered":"https:\/\/rezekne.citro.lv\/veikals\/bariba-kakiem-whiskas-pure-delight-meat-selection-klasiska-izlase-4-paka-pouch-4x85g\/"},"modified":"2026-04-16T06:01:26","modified_gmt":"2026-04-16T03:01:26","slug":"bariba-kakiem-whiskas-pure-delight-meat-selection-klasiska-izlase-4-paka-pouch-4x85g","status":"publish","type":"product","link":"https:\/\/rezekne.citro.lv\/ru\/product\/bariba-kakiem-whiskas-pure-delight-meat-selection-klasiska-izlase-4-paka-pouch-4x85g\/","title":{"rendered":"BAR\u012aBA KA\u0136IEM WHISKAS PURE DELIGHT MEAT SELECTION KLASISK\u0100 IZLASE 4-PAKA POUCH 4X85G"},"content":{"rendered":"<p>Izcelsmes valsts: \u010cehija<\/p>\n","protected":false},"excerpt":{"rendered":"<p>5.26 \u20ac\/KG<\/p>\n","protected":false},"featured_media":63200,"template":"","meta":{"_acf_changed":false,"inline_featured_image":false},"product_cat":[153,175],"product_tag":[],"acf":[],"aioseo_notices":[],"_links":{"self":[{"href":"https:\/\/rezekne.citro.lv\/ru\/wp-json\/wp\/v2\/product\/62670"}],"collection":[{"href":"https:\/\/rezekne.citro.lv\/ru\/wp-json\/wp\/v2\/product"}],"about":[{"href":"https:\/\/rezekne.citro.lv\/ru\/wp-json\/wp\/v2\/types\/product"}],"wp:featuredmedia":[{"embeddable":true,"href":"https:\/\/rezekne.citro.lv\/ru\/wp-json\/wp\/v2\/media\/63200"}],"wp:attachment":[{"href":"https:\/\/rezekne.citro.lv\/ru\/wp-json\/wp\/v2\/media?parent=62670"}],"wp:term":[{"taxonomy":"product_cat","embeddable":true,"href":"https:\/\/rezekne.citro.lv\/ru\/wp-json\/wp\/v2\/product_cat?post=62670"},{"taxonomy":"product_tag","embeddable":true,"href":"https:\/\/rezekne.citro.lv\/ru\/wp-json\/wp\/v2\/product_tag?post=62670"}],"curies":[{"name":"wp","href":"https:\/\/api.w.org\/{rel}","templated":true}]}}