{"id":62838,"date":"2026-02-12T00:02:49","date_gmt":"2026-02-11T22:02:49","guid":{"rendered":"https:\/\/rezekne.citro.lv\/veikals\/dzeriens-vita-tigra-apelsinu-persiku-bananu-0-2l\/"},"modified":"2026-03-05T06:01:16","modified_gmt":"2026-03-05T04:01:16","slug":"dzeriens-vita-tigra-apelsinu-persiku-bananu-0-2l","status":"publish","type":"product","link":"https:\/\/rezekne.citro.lv\/ru\/product\/dzeriens-vita-tigra-apelsinu-persiku-bananu-0-2l\/","title":{"rendered":"DZ\u0112RIENS VITA TIGRA APELS\u012aNU PERSIKU BAN\u0100NU 0.2L"},"content":{"rendered":"<p>Izcelsmes valsts: Lietuva<\/p>\n","protected":false},"excerpt":{"rendered":"<p>1.95 \u20ac\/L<\/p>\n","protected":false},"featured_media":63194,"template":"","meta":{"_acf_changed":false,"inline_featured_image":false},"product_cat":[106,124],"product_tag":[],"acf":[],"aioseo_notices":[],"_links":{"self":[{"href":"https:\/\/rezekne.citro.lv\/ru\/wp-json\/wp\/v2\/product\/62838"}],"collection":[{"href":"https:\/\/rezekne.citro.lv\/ru\/wp-json\/wp\/v2\/product"}],"about":[{"href":"https:\/\/rezekne.citro.lv\/ru\/wp-json\/wp\/v2\/types\/product"}],"wp:featuredmedia":[{"embeddable":true,"href":"https:\/\/rezekne.citro.lv\/ru\/wp-json\/wp\/v2\/media\/63194"}],"wp:attachment":[{"href":"https:\/\/rezekne.citro.lv\/ru\/wp-json\/wp\/v2\/media?parent=62838"}],"wp:term":[{"taxonomy":"product_cat","embeddable":true,"href":"https:\/\/rezekne.citro.lv\/ru\/wp-json\/wp\/v2\/product_cat?post=62838"},{"taxonomy":"product_tag","embeddable":true,"href":"https:\/\/rezekne.citro.lv\/ru\/wp-json\/wp\/v2\/product_tag?post=62838"}],"curies":[{"name":"wp","href":"https:\/\/api.w.org\/{rel}","templated":true}]}}