{"id":62848,"date":"2026-03-26T00:06:17","date_gmt":"2026-03-25T22:06:17","guid":{"rendered":"https:\/\/rezekne.citro.lv\/veikals\/silke-kazoka-citro-1kg\/"},"modified":"2026-04-04T06:01:28","modified_gmt":"2026-04-04T03:01:28","slug":"silke-kazoka-citro-1kg","status":"publish","type":"product","link":"https:\/\/rezekne.citro.lv\/ru\/product\/silke-kazoka-citro-1kg\/","title":{"rendered":"SI\u013b\u0136E KA\u017dOK\u0100 CITRO 1KG"},"content":{"rendered":"<p>Izcelsmes valsts: Latvija<br \/>Sast\u0101vda\u013cas: si\u013c\u0137es filejas Matje  e\u013c\u013c\u0101 22%((SI\u013b\u0136ES fileja(Clupea harengus)(zvejas rajons FAO27,  Far\u0113ru salas (27.5),zvejas r\u012bks tralis), rap\u0161u e\u013c\u013ca 10%, s\u0101ls, sk\u0101buma regul\u0113t\u0101js:eti\u0137is,  sk\u0101buma regul\u0113t\u0101ji  E331, E575,sk\u0101be E330, dekstroze, konserv\u0101nts E211)): bietes v\u0101r\u012btas, kartupe\u013ci, majon\u0113ze ((saulespu\u0137u e\u013c\u013ca , dzeramais \u016bdens,cukurs,  OLU dzeltenums, v\u0101r\u0101m\u0101 s\u0101ls,emulgators(ciete), sk\u0101buma regul\u0113t\u0101ji (eti\u0137sk\u0101be, citronsk\u0101be),dabiskas izcelsmes stabilizatori(ksant\u0101na sve\u0137i), konservants (k\u0101lija sorb\u0101ts), aromatiz\u0113t\u0101js SINEPES, antioksidants(E385), dabig\u0101 kr\u0101sviela (B- karot\u012bns)): OLAS, burk\u0101ni,s\u012bpoli marin\u0113ti(\u016bdens, eti\u0137is galda, s\u0101ls, cukurs): puravi, gar\u0161augu za\u013cumi  Uzglab\u0101\u0161anas temperat\u016bra+2-+6C Inform\u0101cija par uzturv\u0113rt\u012bbu. 100 g produkta satur: ener\u0123\u0113tisk\u0101 v\u0113rt\u012bba 716 kJ \/ 173kcal; tauki 13.2g, tostarp pies\u0101tin\u0101t\u0101s tauksk\u0101bes 1.9g; og\u013chidr\u0101ti 7.8g, tostarp cukuri 2.6g; \u0161\u0137iedrvielas 1.3g; olbaltumvielas 5g; s\u0101ls 0.8g.<\/p>\n","protected":false},"excerpt":{"rendered":"<p>6.89 \u20ac\/KG<\/p>\n","protected":false},"featured_media":63186,"template":"","meta":{"_acf_changed":false,"inline_featured_image":false},"product_cat":[113,212],"product_tag":[],"acf":[],"aioseo_notices":[],"_links":{"self":[{"href":"https:\/\/rezekne.citro.lv\/ru\/wp-json\/wp\/v2\/product\/62848"}],"collection":[{"href":"https:\/\/rezekne.citro.lv\/ru\/wp-json\/wp\/v2\/product"}],"about":[{"href":"https:\/\/rezekne.citro.lv\/ru\/wp-json\/wp\/v2\/types\/product"}],"wp:featuredmedia":[{"embeddable":true,"href":"https:\/\/rezekne.citro.lv\/ru\/wp-json\/wp\/v2\/media\/63186"}],"wp:attachment":[{"href":"https:\/\/rezekne.citro.lv\/ru\/wp-json\/wp\/v2\/media?parent=62848"}],"wp:term":[{"taxonomy":"product_cat","embeddable":true,"href":"https:\/\/rezekne.citro.lv\/ru\/wp-json\/wp\/v2\/product_cat?post=62848"},{"taxonomy":"product_tag","embeddable":true,"href":"https:\/\/rezekne.citro.lv\/ru\/wp-json\/wp\/v2\/product_tag?post=62848"}],"curies":[{"name":"wp","href":"https:\/\/api.w.org\/{rel}","templated":true}]}}