{"id":62866,"date":"2024-09-13T15:05:17","date_gmt":"2024-09-13T12:05:17","guid":{"rendered":"https:\/\/rezekne.citro.lv\/veikals\/tomati-cherry-sarkani-kekaros-fas-500g\/"},"modified":"2025-09-03T15:00:19","modified_gmt":"2025-09-03T12:00:19","slug":"tomati-cherry-sarkani-kekaros-fas-500g","status":"publish","type":"product","link":"https:\/\/rezekne.citro.lv\/ru\/product\/tomati-cherry-sarkani-kekaros-fas-500g\/","title":{"rendered":"TOM\u0100TI CHERRY SARKANI \u0136EKAROS FAS. 500G"},"content":{"rendered":"<p>Izcelsmes valsts: It\u0101lija<br \/>MAROKA 2.\u0160\u0136<\/p>\n","protected":false},"excerpt":{"rendered":"<p>5.18 \u20ac\/KG<\/p>\n","protected":false},"featured_media":62900,"template":"","meta":{"_acf_changed":false,"inline_featured_image":false},"product_cat":[97,99],"product_tag":[],"acf":[],"aioseo_notices":[],"_links":{"self":[{"href":"https:\/\/rezekne.citro.lv\/ru\/wp-json\/wp\/v2\/product\/62866"}],"collection":[{"href":"https:\/\/rezekne.citro.lv\/ru\/wp-json\/wp\/v2\/product"}],"about":[{"href":"https:\/\/rezekne.citro.lv\/ru\/wp-json\/wp\/v2\/types\/product"}],"wp:featuredmedia":[{"embeddable":true,"href":"https:\/\/rezekne.citro.lv\/ru\/wp-json\/wp\/v2\/media\/62900"}],"wp:attachment":[{"href":"https:\/\/rezekne.citro.lv\/ru\/wp-json\/wp\/v2\/media?parent=62866"}],"wp:term":[{"taxonomy":"product_cat","embeddable":true,"href":"https:\/\/rezekne.citro.lv\/ru\/wp-json\/wp\/v2\/product_cat?post=62866"},{"taxonomy":"product_tag","embeddable":true,"href":"https:\/\/rezekne.citro.lv\/ru\/wp-json\/wp\/v2\/product_tag?post=62866"}],"curies":[{"name":"wp","href":"https:\/\/api.w.org\/{rel}","templated":true}]}}