{"id":62867,"date":"2026-02-02T00:01:53","date_gmt":"2026-02-01T22:01:53","guid":{"rendered":"https:\/\/rezekne.citro.lv\/veikals\/bariba-kakiem-kons-sheba-natures-collection-jaukta-izlases-merce-konservu-4-paka-4x85g\/"},"modified":"2026-03-22T06:01:09","modified_gmt":"2026-03-22T04:01:09","slug":"bariba-kakiem-kons-sheba-natures-collection-jaukta-izlases-merce-konservu-4-paka-4x85g","status":"publish","type":"product","link":"https:\/\/rezekne.citro.lv\/ru\/product\/bariba-kakiem-kons-sheba-natures-collection-jaukta-izlases-merce-konservu-4-paka-4x85g\/","title":{"rendered":"BAR\u012aBA KA\u0136IEM KONS. SHEBA NATURE&#8217;S COLLECTION JAUKT\u0100 IZLASES MERC\u0112 KONSERVU 4-PAKA 4X85G"},"content":{"rendered":"<p>Izcelsmes valsts: V\u0101cija<\/p>\n","protected":false},"excerpt":{"rendered":"<p>9.68 \u20ac\/KG<\/p>\n","protected":false},"featured_media":63177,"template":"","meta":{"_acf_changed":false,"inline_featured_image":false},"product_cat":[153,175],"product_tag":[],"acf":[],"aioseo_notices":[],"_links":{"self":[{"href":"https:\/\/rezekne.citro.lv\/ru\/wp-json\/wp\/v2\/product\/62867"}],"collection":[{"href":"https:\/\/rezekne.citro.lv\/ru\/wp-json\/wp\/v2\/product"}],"about":[{"href":"https:\/\/rezekne.citro.lv\/ru\/wp-json\/wp\/v2\/types\/product"}],"wp:featuredmedia":[{"embeddable":true,"href":"https:\/\/rezekne.citro.lv\/ru\/wp-json\/wp\/v2\/media\/63177"}],"wp:attachment":[{"href":"https:\/\/rezekne.citro.lv\/ru\/wp-json\/wp\/v2\/media?parent=62867"}],"wp:term":[{"taxonomy":"product_cat","embeddable":true,"href":"https:\/\/rezekne.citro.lv\/ru\/wp-json\/wp\/v2\/product_cat?post=62867"},{"taxonomy":"product_tag","embeddable":true,"href":"https:\/\/rezekne.citro.lv\/ru\/wp-json\/wp\/v2\/product_tag?post=62867"}],"curies":[{"name":"wp","href":"https:\/\/api.w.org\/{rel}","templated":true}]}}