{"id":62874,"date":"2024-09-13T15:05:53","date_gmt":"2024-09-13T12:05:53","guid":{"rendered":"https:\/\/rezekne.citro.lv\/veikals\/salati-baby-spinat-125g\/"},"modified":"2024-09-16T11:34:25","modified_gmt":"2024-09-16T08:34:25","slug":"salati-baby-spinat-125g","status":"publish","type":"product","link":"https:\/\/rezekne.citro.lv\/ru\/product\/salati-baby-spinat-125g\/","title":{"rendered":"SAL\u0100TI BABY SPINAT 125G"},"content":{"rendered":"<p>IT\u0100LIJA 2.\u0160\u0136IRA<\/p>\n","protected":false},"excerpt":{"rendered":"<p>11.92 \u20ac\/KG<\/p>\n","protected":false},"featured_media":62902,"template":"","meta":{"_acf_changed":false,"inline_featured_image":false},"product_cat":[97,99],"product_tag":[],"acf":[],"aioseo_notices":[],"_links":{"self":[{"href":"https:\/\/rezekne.citro.lv\/ru\/wp-json\/wp\/v2\/product\/62874"}],"collection":[{"href":"https:\/\/rezekne.citro.lv\/ru\/wp-json\/wp\/v2\/product"}],"about":[{"href":"https:\/\/rezekne.citro.lv\/ru\/wp-json\/wp\/v2\/types\/product"}],"wp:featuredmedia":[{"embeddable":true,"href":"https:\/\/rezekne.citro.lv\/ru\/wp-json\/wp\/v2\/media\/62902"}],"wp:attachment":[{"href":"https:\/\/rezekne.citro.lv\/ru\/wp-json\/wp\/v2\/media?parent=62874"}],"wp:term":[{"taxonomy":"product_cat","embeddable":true,"href":"https:\/\/rezekne.citro.lv\/ru\/wp-json\/wp\/v2\/product_cat?post=62874"},{"taxonomy":"product_tag","embeddable":true,"href":"https:\/\/rezekne.citro.lv\/ru\/wp-json\/wp\/v2\/product_tag?post=62874"}],"curies":[{"name":"wp","href":"https:\/\/api.w.org\/{rel}","templated":true}]}}