{"id":62877,"date":"2026-03-26T00:06:17","date_gmt":"2026-03-25T22:06:17","guid":{"rendered":"https:\/\/rezekne.citro.lv\/veikals\/bariba-kakiem-sausa-whiskas-ar-vistas-galu-300g\/"},"modified":"2026-04-05T06:01:10","modified_gmt":"2026-04-05T03:01:10","slug":"bariba-kakiem-sausa-whiskas-ar-vistas-galu-junior-300g","status":"publish","type":"product","link":"https:\/\/rezekne.citro.lv\/ru\/product\/bariba-kakiem-sausa-whiskas-ar-vistas-galu-junior-300g\/","title":{"rendered":"BAR\u012aBA KA\u0136IEM SAUS\u0100 WHISKAS AR VISTAS GA\u013bU JUNIOR 300G"},"content":{"rendered":"<p>Izcelsmes valsts: V\u0101cija<\/p>\n","protected":false},"excerpt":{"rendered":"<p>4.90 \u20ac\/KG<\/p>\n","protected":false},"featured_media":63172,"template":"","meta":{"_acf_changed":false,"inline_featured_image":false},"product_cat":[153,175],"product_tag":[],"acf":[],"aioseo_notices":[],"_links":{"self":[{"href":"https:\/\/rezekne.citro.lv\/ru\/wp-json\/wp\/v2\/product\/62877"}],"collection":[{"href":"https:\/\/rezekne.citro.lv\/ru\/wp-json\/wp\/v2\/product"}],"about":[{"href":"https:\/\/rezekne.citro.lv\/ru\/wp-json\/wp\/v2\/types\/product"}],"wp:featuredmedia":[{"embeddable":true,"href":"https:\/\/rezekne.citro.lv\/ru\/wp-json\/wp\/v2\/media\/63172"}],"wp:attachment":[{"href":"https:\/\/rezekne.citro.lv\/ru\/wp-json\/wp\/v2\/media?parent=62877"}],"wp:term":[{"taxonomy":"product_cat","embeddable":true,"href":"https:\/\/rezekne.citro.lv\/ru\/wp-json\/wp\/v2\/product_cat?post=62877"},{"taxonomy":"product_tag","embeddable":true,"href":"https:\/\/rezekne.citro.lv\/ru\/wp-json\/wp\/v2\/product_tag?post=62877"}],"curies":[{"name":"wp","href":"https:\/\/api.w.org\/{rel}","templated":true}]}}