{"id":62878,"date":"2026-04-23T00:06:23","date_gmt":"2026-04-22T21:06:23","guid":{"rendered":"https:\/\/rezekne.citro.lv\/veikals\/konfektes-salda-rulete-laima-kg\/"},"modified":"2026-04-23T00:06:28","modified_gmt":"2026-04-22T21:06:28","slug":"konfektes-salda-rulete-laima-kg","status":"publish","type":"product","link":"https:\/\/rezekne.citro.lv\/ru\/product\/konfektes-salda-rulete-laima-kg\/","title":{"rendered":"KONFEKTES SALD\u0100 RULETE LAIMA KG"},"content":{"rendered":"<p>Izcelsmes valsts: Igaunija<br \/>SAST\u0100VS:cukurs,augu tauki,cepumi 15%(KVIE\u0160U milti,cukurs,augu tauki),invertcukura s\u012brups,iebiezin\u0101ts piens,olu pulveris,s\u0101ls,irdin\u0101t\u0101ji,aromatiz\u0113t\u0101js,kakao pulveris ar samazin\u0101tu tauku saturu,PILNPIENA PULVERIS,marmel\u0101des gab.,sausas s\u016bkalas(PIENS),aromatiz\u0113t\u0101ji.Var satur\u0113t RIEKSTU,ZEMESRIEKSTU un SEZAMA S\u0112KLU DA\u013bI\u0145AS.<\/p>\n","protected":false},"excerpt":{"rendered":"<p>17.99 \u20ac\/KG<\/p>\n","protected":false},"featured_media":63171,"template":"","meta":{"_acf_changed":false,"inline_featured_image":false},"product_cat":[125,201],"product_tag":[],"acf":[],"aioseo_notices":[],"_links":{"self":[{"href":"https:\/\/rezekne.citro.lv\/ru\/wp-json\/wp\/v2\/product\/62878"}],"collection":[{"href":"https:\/\/rezekne.citro.lv\/ru\/wp-json\/wp\/v2\/product"}],"about":[{"href":"https:\/\/rezekne.citro.lv\/ru\/wp-json\/wp\/v2\/types\/product"}],"wp:featuredmedia":[{"embeddable":true,"href":"https:\/\/rezekne.citro.lv\/ru\/wp-json\/wp\/v2\/media\/63171"}],"wp:attachment":[{"href":"https:\/\/rezekne.citro.lv\/ru\/wp-json\/wp\/v2\/media?parent=62878"}],"wp:term":[{"taxonomy":"product_cat","embeddable":true,"href":"https:\/\/rezekne.citro.lv\/ru\/wp-json\/wp\/v2\/product_cat?post=62878"},{"taxonomy":"product_tag","embeddable":true,"href":"https:\/\/rezekne.citro.lv\/ru\/wp-json\/wp\/v2\/product_tag?post=62878"}],"curies":[{"name":"wp","href":"https:\/\/api.w.org\/{rel}","templated":true}]}}