{"id":62883,"date":"2026-01-02T00:05:31","date_gmt":"2026-01-01T22:05:31","guid":{"rendered":"https:\/\/rezekne.citro.lv\/veikals\/bariba-kakiem-whiskas-senior-ar-cala-galu-kakiem-senioriem-pouch-85g\/"},"modified":"2026-04-11T06:01:36","modified_gmt":"2026-04-11T03:01:36","slug":"bariba-kakiem-whiskas-senior-ar-cala-galu-kakiem-senioriem-pouch-85g","status":"publish","type":"product","link":"https:\/\/rezekne.citro.lv\/ru\/product\/bariba-kakiem-whiskas-senior-ar-cala-galu-kakiem-senioriem-pouch-85g\/","title":{"rendered":"BAR\u012aBA KA\u0136IEM WHISKAS SENIOR AR C\u0100\u013bA GA\u013bU KA\u0136IEM SENIORIEM POUCH 85G"},"content":{"rendered":"<p>Izcelsmes valsts: It\u0101lija<\/p>\n","protected":false},"excerpt":{"rendered":"<p>7.65 \u20ac\/KG<\/p>\n","protected":false},"featured_media":63168,"template":"","meta":{"_acf_changed":false,"inline_featured_image":false},"product_cat":[153,175],"product_tag":[],"acf":[],"aioseo_notices":[],"_links":{"self":[{"href":"https:\/\/rezekne.citro.lv\/ru\/wp-json\/wp\/v2\/product\/62883"}],"collection":[{"href":"https:\/\/rezekne.citro.lv\/ru\/wp-json\/wp\/v2\/product"}],"about":[{"href":"https:\/\/rezekne.citro.lv\/ru\/wp-json\/wp\/v2\/types\/product"}],"wp:featuredmedia":[{"embeddable":true,"href":"https:\/\/rezekne.citro.lv\/ru\/wp-json\/wp\/v2\/media\/63168"}],"wp:attachment":[{"href":"https:\/\/rezekne.citro.lv\/ru\/wp-json\/wp\/v2\/media?parent=62883"}],"wp:term":[{"taxonomy":"product_cat","embeddable":true,"href":"https:\/\/rezekne.citro.lv\/ru\/wp-json\/wp\/v2\/product_cat?post=62883"},{"taxonomy":"product_tag","embeddable":true,"href":"https:\/\/rezekne.citro.lv\/ru\/wp-json\/wp\/v2\/product_tag?post=62883"}],"curies":[{"name":"wp","href":"https:\/\/api.w.org\/{rel}","templated":true}]}}