{"id":62890,"date":"2026-04-28T00:02:02","date_gmt":"2026-04-27T21:02:02","guid":{"rendered":"https:\/\/rezekne.citro.lv\/veikals\/zupa-borscs-ukrainu-ar-pupinam\/"},"modified":"2026-04-30T06:01:13","modified_gmt":"2026-04-30T03:01:13","slug":"zupa-borscs-ukrainu-ar-pupinam","status":"publish","type":"product","link":"https:\/\/rezekne.citro.lv\/ru\/product\/zupa-borscs-ukrainu-ar-pupinam\/","title":{"rendered":"ZUPA BOR\u0160\u010cS UKRAI\u0145U AR PUPI\u0145\u0100M"},"content":{"rendered":"<p>Izcelsmes valsts: Latvija<\/p>\n","protected":false},"excerpt":{"rendered":"<p>4.38 \u20ac\/KG<\/p>\n","protected":false},"featured_media":63162,"template":"","meta":{"_acf_changed":false,"inline_featured_image":false},"product_cat":[103,137],"product_tag":[],"acf":[],"aioseo_notices":[],"_links":{"self":[{"href":"https:\/\/rezekne.citro.lv\/ru\/wp-json\/wp\/v2\/product\/62890"}],"collection":[{"href":"https:\/\/rezekne.citro.lv\/ru\/wp-json\/wp\/v2\/product"}],"about":[{"href":"https:\/\/rezekne.citro.lv\/ru\/wp-json\/wp\/v2\/types\/product"}],"wp:featuredmedia":[{"embeddable":true,"href":"https:\/\/rezekne.citro.lv\/ru\/wp-json\/wp\/v2\/media\/63162"}],"wp:attachment":[{"href":"https:\/\/rezekne.citro.lv\/ru\/wp-json\/wp\/v2\/media?parent=62890"}],"wp:term":[{"taxonomy":"product_cat","embeddable":true,"href":"https:\/\/rezekne.citro.lv\/ru\/wp-json\/wp\/v2\/product_cat?post=62890"},{"taxonomy":"product_tag","embeddable":true,"href":"https:\/\/rezekne.citro.lv\/ru\/wp-json\/wp\/v2\/product_tag?post=62890"}],"curies":[{"name":"wp","href":"https:\/\/api.w.org\/{rel}","templated":true}]}}