{"id":62895,"date":"2025-05-22T00:47:38","date_gmt":"2025-05-21T21:47:38","guid":{"rendered":"https:\/\/rezekne.citro.lv\/veikals\/autinbikksites-huggies-classic-jp-3-4-9kg-52gab\/"},"modified":"2026-01-10T06:02:17","modified_gmt":"2026-01-10T04:02:17","slug":"autinbikksites-huggies-classic-jp-3-4-9kg-52gab","status":"publish","type":"product","link":"https:\/\/rezekne.citro.lv\/ru\/product\/autinbikksites-huggies-classic-jp-3-4-9kg-52gab\/","title":{"rendered":"AUTI\u0145BIKKS\u012aTES HUGGIES CLASSIC JP 3 4-9KG 52GAB."},"content":{"rendered":"<p>Izcelsmes valsts: \u010cehija<\/p>\n","protected":false},"excerpt":{"rendered":"<p>0.26 \u20ac\/GAB<\/p>\n","protected":false},"featured_media":63158,"template":"","meta":{"_acf_changed":false,"inline_featured_image":false},"product_cat":[172,189],"product_tag":[],"acf":[],"aioseo_notices":[],"_links":{"self":[{"href":"https:\/\/rezekne.citro.lv\/ru\/wp-json\/wp\/v2\/product\/62895"}],"collection":[{"href":"https:\/\/rezekne.citro.lv\/ru\/wp-json\/wp\/v2\/product"}],"about":[{"href":"https:\/\/rezekne.citro.lv\/ru\/wp-json\/wp\/v2\/types\/product"}],"wp:featuredmedia":[{"embeddable":true,"href":"https:\/\/rezekne.citro.lv\/ru\/wp-json\/wp\/v2\/media\/63158"}],"wp:attachment":[{"href":"https:\/\/rezekne.citro.lv\/ru\/wp-json\/wp\/v2\/media?parent=62895"}],"wp:term":[{"taxonomy":"product_cat","embeddable":true,"href":"https:\/\/rezekne.citro.lv\/ru\/wp-json\/wp\/v2\/product_cat?post=62895"},{"taxonomy":"product_tag","embeddable":true,"href":"https:\/\/rezekne.citro.lv\/ru\/wp-json\/wp\/v2\/product_tag?post=62895"}],"curies":[{"name":"wp","href":"https:\/\/api.w.org\/{rel}","templated":true}]}}