{"id":62896,"date":"2025-12-04T00:05:08","date_gmt":"2025-12-03T22:05:08","guid":{"rendered":"https:\/\/rezekne.citro.lv\/veikals\/bariba-kakiem-kons-sheba-natures-collection-majputnu-galas-izlase-zeleja-konservu-4-paka-4x85g\/"},"modified":"2026-05-10T06:01:35","modified_gmt":"2026-05-10T03:01:35","slug":"bariba-kakiem-kons-sheba-natures-collection-majputnu-galas-izlase-zeleja-konservu-4-paka-4x85g","status":"publish","type":"product","link":"https:\/\/rezekne.citro.lv\/ru\/product\/bariba-kakiem-kons-sheba-natures-collection-majputnu-galas-izlase-zeleja-konservu-4-paka-4x85g\/","title":{"rendered":"BAR\u012aBA KA\u0136IEM KONS. SHEBA NATURE&#8217;S COLLECTION M\u0100JPUTNU GA\u013bAS IZLASE \u017dELEJ\u0100 KONSERVU 4-PAKA 4X85G"},"content":{"rendered":"<p>Izcelsmes valsts: V\u0101cija<\/p>\n","protected":false},"excerpt":{"rendered":"<p>9.68 \u20ac\/KG<\/p>\n","protected":false},"featured_media":63157,"template":"","meta":{"_acf_changed":false,"inline_featured_image":false},"product_cat":[153,175],"product_tag":[],"acf":[],"aioseo_notices":[],"_links":{"self":[{"href":"https:\/\/rezekne.citro.lv\/ru\/wp-json\/wp\/v2\/product\/62896"}],"collection":[{"href":"https:\/\/rezekne.citro.lv\/ru\/wp-json\/wp\/v2\/product"}],"about":[{"href":"https:\/\/rezekne.citro.lv\/ru\/wp-json\/wp\/v2\/types\/product"}],"wp:featuredmedia":[{"embeddable":true,"href":"https:\/\/rezekne.citro.lv\/ru\/wp-json\/wp\/v2\/media\/63157"}],"wp:attachment":[{"href":"https:\/\/rezekne.citro.lv\/ru\/wp-json\/wp\/v2\/media?parent=62896"}],"wp:term":[{"taxonomy":"product_cat","embeddable":true,"href":"https:\/\/rezekne.citro.lv\/ru\/wp-json\/wp\/v2\/product_cat?post=62896"},{"taxonomy":"product_tag","embeddable":true,"href":"https:\/\/rezekne.citro.lv\/ru\/wp-json\/wp\/v2\/product_tag?post=62896"}],"curies":[{"name":"wp","href":"https:\/\/api.w.org\/{rel}","templated":true}]}}