{"id":63016,"date":"2026-01-02T00:05:38","date_gmt":"2026-01-01T22:05:38","guid":{"rendered":"https:\/\/rezekne.citro.lv\/veikals\/ikri-forelu-stikla-100g-lemberg\/"},"modified":"2026-05-06T06:01:37","modified_gmt":"2026-05-06T03:01:37","slug":"ikri-forelu-stikla-100g-lemberg","status":"publish","type":"product","link":"https:\/\/rezekne.citro.lv\/ru\/product\/ikri-forelu-stikla-100g-lemberg\/","title":{"rendered":"IKRI FORE\u013bU STIKL\u0100 100G LEMBERG"},"content":{"rendered":"<p>Izcelsmes valsts: V\u0101cija<\/p>\n","protected":false},"excerpt":{"rendered":"<p>109.90 \u20ac\/KG<\/p>\n","protected":false},"featured_media":63122,"template":"","meta":{"_acf_changed":false,"inline_featured_image":false},"product_cat":[135,136],"product_tag":[],"acf":[],"aioseo_notices":[],"_links":{"self":[{"href":"https:\/\/rezekne.citro.lv\/ru\/wp-json\/wp\/v2\/product\/63016"}],"collection":[{"href":"https:\/\/rezekne.citro.lv\/ru\/wp-json\/wp\/v2\/product"}],"about":[{"href":"https:\/\/rezekne.citro.lv\/ru\/wp-json\/wp\/v2\/types\/product"}],"wp:featuredmedia":[{"embeddable":true,"href":"https:\/\/rezekne.citro.lv\/ru\/wp-json\/wp\/v2\/media\/63122"}],"wp:attachment":[{"href":"https:\/\/rezekne.citro.lv\/ru\/wp-json\/wp\/v2\/media?parent=63016"}],"wp:term":[{"taxonomy":"product_cat","embeddable":true,"href":"https:\/\/rezekne.citro.lv\/ru\/wp-json\/wp\/v2\/product_cat?post=63016"},{"taxonomy":"product_tag","embeddable":true,"href":"https:\/\/rezekne.citro.lv\/ru\/wp-json\/wp\/v2\/product_tag?post=63016"}],"curies":[{"name":"wp","href":"https:\/\/api.w.org\/{rel}","templated":true}]}}