{"id":63031,"date":"2026-04-23T00:15:10","date_gmt":"2026-04-22T21:15:10","guid":{"rendered":"https:\/\/rezekne.citro.lv\/veikals\/broileru-skinki-bez-kaula-ar-adu-atdzeseti-vak-kg-rgk\/"},"modified":"2026-04-27T09:00:11","modified_gmt":"2026-04-27T06:00:11","slug":"broileru-skinki-bez-kaula-ar-adu-atdzeseti-vak-kg-rgk","status":"publish","type":"product","link":"https:\/\/rezekne.citro.lv\/ru\/product\/broileru-skinki-bez-kaula-ar-adu-atdzeseti-vak-kg-rgk\/","title":{"rendered":"BROILERU CETURTDA\u013bAS BEZ KAULA AR \u0100DU ATDZES\u0112TI VAK.KG RGK"},"content":{"rendered":"<p>Izcelsmes valsts: Polija<br \/>Ra\u017eot\u0101js R\u0113zeknes ga\u013cas kombin\u0101ts uzglab\u0101\u0161anas temp.+2-+6C<\/p>\n","protected":false},"excerpt":{"rendered":"<p>6.09 \u20ac\/KG<\/p>\n","protected":false},"featured_media":63109,"template":"","meta":{"_acf_changed":false,"inline_featured_image":false},"product_cat":[135,190],"product_tag":[],"acf":[],"aioseo_notices":[],"_links":{"self":[{"href":"https:\/\/rezekne.citro.lv\/ru\/wp-json\/wp\/v2\/product\/63031"}],"collection":[{"href":"https:\/\/rezekne.citro.lv\/ru\/wp-json\/wp\/v2\/product"}],"about":[{"href":"https:\/\/rezekne.citro.lv\/ru\/wp-json\/wp\/v2\/types\/product"}],"wp:featuredmedia":[{"embeddable":true,"href":"https:\/\/rezekne.citro.lv\/ru\/wp-json\/wp\/v2\/media\/63109"}],"wp:attachment":[{"href":"https:\/\/rezekne.citro.lv\/ru\/wp-json\/wp\/v2\/media?parent=63031"}],"wp:term":[{"taxonomy":"product_cat","embeddable":true,"href":"https:\/\/rezekne.citro.lv\/ru\/wp-json\/wp\/v2\/product_cat?post=63031"},{"taxonomy":"product_tag","embeddable":true,"href":"https:\/\/rezekne.citro.lv\/ru\/wp-json\/wp\/v2\/product_tag?post=63031"}],"curies":[{"name":"wp","href":"https:\/\/api.w.org\/{rel}","templated":true}]}}