{"id":63060,"date":"2026-03-26T00:06:39","date_gmt":"2026-03-25T22:06:39","guid":{"rendered":"https:\/\/rezekne.citro.lv\/veikals\/cipsi-adazu-krauksk-kart-pikantais-tomats-100g\/"},"modified":"2026-04-14T06:01:25","modified_gmt":"2026-04-14T03:01:25","slug":"cipsi-adazu-krauksk-kart-pikantais-tomats-100g","status":"publish","type":"product","link":"https:\/\/rezekne.citro.lv\/ru\/product\/cipsi-adazu-krauksk-kart-pikantais-tomats-100g\/","title":{"rendered":"\u010cIPSI \u0100DA\u017dU KRAUK\u0160\u0136.KART.PIKANTAIS TOM\u0100TS 100G"},"content":{"rendered":"<p>Izcelsmes valsts: Latvija<\/p>\n","protected":false},"excerpt":{"rendered":"<p>18.90 \u20ac\/KG<\/p>\n","protected":false},"featured_media":63086,"template":"","meta":{"_acf_changed":false,"inline_featured_image":false},"product_cat":[125,191],"product_tag":[],"acf":[],"aioseo_notices":[],"_links":{"self":[{"href":"https:\/\/rezekne.citro.lv\/ru\/wp-json\/wp\/v2\/product\/63060"}],"collection":[{"href":"https:\/\/rezekne.citro.lv\/ru\/wp-json\/wp\/v2\/product"}],"about":[{"href":"https:\/\/rezekne.citro.lv\/ru\/wp-json\/wp\/v2\/types\/product"}],"wp:featuredmedia":[{"embeddable":true,"href":"https:\/\/rezekne.citro.lv\/ru\/wp-json\/wp\/v2\/media\/63086"}],"wp:attachment":[{"href":"https:\/\/rezekne.citro.lv\/ru\/wp-json\/wp\/v2\/media?parent=63060"}],"wp:term":[{"taxonomy":"product_cat","embeddable":true,"href":"https:\/\/rezekne.citro.lv\/ru\/wp-json\/wp\/v2\/product_cat?post=63060"},{"taxonomy":"product_tag","embeddable":true,"href":"https:\/\/rezekne.citro.lv\/ru\/wp-json\/wp\/v2\/product_tag?post=63060"}],"curies":[{"name":"wp","href":"https:\/\/api.w.org\/{rel}","templated":true}]}}