{"id":63062,"date":"2026-05-07T00:02:52","date_gmt":"2026-05-06T21:02:52","guid":{"rendered":"https:\/\/rezekne.citro.lv\/veikals\/bariba-kakiem-sausa-whiskas-ar-vistas-galu-senioriem-800g\/"},"modified":"2026-05-13T18:00:05","modified_gmt":"2026-05-13T15:00:05","slug":"bariba-kakiem-sausa-whiskas-ar-vistas-galu-senioriem-800g","status":"publish","type":"product","link":"https:\/\/rezekne.citro.lv\/ru\/product\/bariba-kakiem-sausa-whiskas-ar-vistas-galu-senioriem-800g\/","title":{"rendered":"BAR\u012aBA KA\u0136IEM SAUS\u0100 WHISKAS AR VISTAS GA\u013bU SENIORIEM 800G"},"content":{"rendered":"<p>Izcelsmes valsts: Be\u013c\u0123ija<\/p>\n","protected":false},"excerpt":{"rendered":"<p>4.49 \u20ac\/KG<\/p>\n","protected":false},"featured_media":63084,"template":"","meta":{"_acf_changed":false,"inline_featured_image":false},"product_cat":[153,175],"product_tag":[],"acf":[],"aioseo_notices":[],"_links":{"self":[{"href":"https:\/\/rezekne.citro.lv\/ru\/wp-json\/wp\/v2\/product\/63062"}],"collection":[{"href":"https:\/\/rezekne.citro.lv\/ru\/wp-json\/wp\/v2\/product"}],"about":[{"href":"https:\/\/rezekne.citro.lv\/ru\/wp-json\/wp\/v2\/types\/product"}],"wp:featuredmedia":[{"embeddable":true,"href":"https:\/\/rezekne.citro.lv\/ru\/wp-json\/wp\/v2\/media\/63084"}],"wp:attachment":[{"href":"https:\/\/rezekne.citro.lv\/ru\/wp-json\/wp\/v2\/media?parent=63062"}],"wp:term":[{"taxonomy":"product_cat","embeddable":true,"href":"https:\/\/rezekne.citro.lv\/ru\/wp-json\/wp\/v2\/product_cat?post=63062"},{"taxonomy":"product_tag","embeddable":true,"href":"https:\/\/rezekne.citro.lv\/ru\/wp-json\/wp\/v2\/product_tag?post=63062"}],"curies":[{"name":"wp","href":"https:\/\/api.w.org\/{rel}","templated":true}]}}