{"id":63328,"date":"2025-12-04T00:04:53","date_gmt":"2025-12-03T22:04:53","guid":{"rendered":"https:\/\/rezekne.citro.lv\/veikals\/cepamodzinas-cukgalas-karba-400g-rgk\/"},"modified":"2025-12-11T06:01:02","modified_gmt":"2025-12-11T04:01:02","slug":"cepamodzinas-cukgalas-karba-400g-rgk","status":"publish","type":"product","link":"https:\/\/rezekne.citro.lv\/ru\/product\/cepamodzinas-cukgalas-karba-400g-rgk\/","title":{"rendered":"CEPAMODZI\u0145AS C\u016aKGA\u013bAS K\u0100RB\u0100 400G RGK"},"content":{"rendered":"","protected":false},"excerpt":{"rendered":"<p>11.98 \u20ac\/KG<\/p>\n","protected":false},"featured_media":63467,"template":"","meta":{"_acf_changed":false,"inline_featured_image":false},"product_cat":[135,177],"product_tag":[],"acf":[],"aioseo_notices":[],"_links":{"self":[{"href":"https:\/\/rezekne.citro.lv\/ru\/wp-json\/wp\/v2\/product\/63328"}],"collection":[{"href":"https:\/\/rezekne.citro.lv\/ru\/wp-json\/wp\/v2\/product"}],"about":[{"href":"https:\/\/rezekne.citro.lv\/ru\/wp-json\/wp\/v2\/types\/product"}],"wp:featuredmedia":[{"embeddable":true,"href":"https:\/\/rezekne.citro.lv\/ru\/wp-json\/wp\/v2\/media\/63467"}],"wp:attachment":[{"href":"https:\/\/rezekne.citro.lv\/ru\/wp-json\/wp\/v2\/media?parent=63328"}],"wp:term":[{"taxonomy":"product_cat","embeddable":true,"href":"https:\/\/rezekne.citro.lv\/ru\/wp-json\/wp\/v2\/product_cat?post=63328"},{"taxonomy":"product_tag","embeddable":true,"href":"https:\/\/rezekne.citro.lv\/ru\/wp-json\/wp\/v2\/product_tag?post=63328"}],"curies":[{"name":"wp","href":"https:\/\/api.w.org\/{rel}","templated":true}]}}