{"id":63330,"date":"2025-11-06T08:56:52","date_gmt":"2025-11-06T06:56:52","guid":{"rendered":"https:\/\/rezekne.citro.lv\/veikals\/auto-vejstiklu-mazgasanas-lidzeklis-vasaras-4l\/"},"modified":"2025-11-06T08:58:15","modified_gmt":"2025-11-06T06:58:15","slug":"auto-vejstiklu-mazgasanas-lidzeklis-vasaras-4l","status":"publish","type":"product","link":"https:\/\/rezekne.citro.lv\/ru\/product\/auto-vejstiklu-mazgasanas-lidzeklis-vasaras-4l\/","title":{"rendered":"AUTO V\u0112JSTIKLU MAZG\u0100\u0160ANAS L\u012aDZEKLIS VASARAS 4L"},"content":{"rendered":"","protected":false},"excerpt":{"rendered":"<p>0.57 \u20ac\/L<\/p>\n","protected":false},"featured_media":63491,"template":"","meta":{"_acf_changed":false,"inline_featured_image":false},"product_cat":[607,131],"product_tag":[],"acf":[],"aioseo_notices":[],"_links":{"self":[{"href":"https:\/\/rezekne.citro.lv\/ru\/wp-json\/wp\/v2\/product\/63330"}],"collection":[{"href":"https:\/\/rezekne.citro.lv\/ru\/wp-json\/wp\/v2\/product"}],"about":[{"href":"https:\/\/rezekne.citro.lv\/ru\/wp-json\/wp\/v2\/types\/product"}],"wp:featuredmedia":[{"embeddable":true,"href":"https:\/\/rezekne.citro.lv\/ru\/wp-json\/wp\/v2\/media\/63491"}],"wp:attachment":[{"href":"https:\/\/rezekne.citro.lv\/ru\/wp-json\/wp\/v2\/media?parent=63330"}],"wp:term":[{"taxonomy":"product_cat","embeddable":true,"href":"https:\/\/rezekne.citro.lv\/ru\/wp-json\/wp\/v2\/product_cat?post=63330"},{"taxonomy":"product_tag","embeddable":true,"href":"https:\/\/rezekne.citro.lv\/ru\/wp-json\/wp\/v2\/product_tag?post=63330"}],"curies":[{"name":"wp","href":"https:\/\/api.w.org\/{rel}","templated":true}]}}