{"id":63342,"date":"2026-03-26T00:15:19","date_gmt":"2026-03-25T22:15:19","guid":{"rendered":"https:\/\/rezekne.citro.lv\/veikals\/saldejums-mr-big-citronu-un-vanilas-garsu-uz-kocina-150ml-84g\/"},"modified":"2026-04-07T06:01:04","modified_gmt":"2026-04-07T03:01:04","slug":"saldejums-mr-big-citronu-un-vanilas-garsu-uz-kocina-150ml-84g","status":"publish","type":"product","link":"https:\/\/rezekne.citro.lv\/ru\/product\/saldejums-mr-big-citronu-un-vanilas-garsu-uz-kocina-150ml-84g\/","title":{"rendered":"SALD\u0112JUMS MR.BIG CITRONU UN VANI\u013bAS GAR\u0160U UZ KOCI\u0145A 150ML\/84G"},"content":{"rendered":"<p>Izcelsmes valsts: Igaunija<\/p>\n","protected":false},"excerpt":{"rendered":"<p>13.69 \u20ac\/KG<\/p>\n","protected":false},"featured_media":63486,"template":"","meta":{"_acf_changed":false,"inline_featured_image":false},"product_cat":[233,234],"product_tag":[],"acf":[],"aioseo_notices":[],"_links":{"self":[{"href":"https:\/\/rezekne.citro.lv\/ru\/wp-json\/wp\/v2\/product\/63342"}],"collection":[{"href":"https:\/\/rezekne.citro.lv\/ru\/wp-json\/wp\/v2\/product"}],"about":[{"href":"https:\/\/rezekne.citro.lv\/ru\/wp-json\/wp\/v2\/types\/product"}],"wp:featuredmedia":[{"embeddable":true,"href":"https:\/\/rezekne.citro.lv\/ru\/wp-json\/wp\/v2\/media\/63486"}],"wp:attachment":[{"href":"https:\/\/rezekne.citro.lv\/ru\/wp-json\/wp\/v2\/media?parent=63342"}],"wp:term":[{"taxonomy":"product_cat","embeddable":true,"href":"https:\/\/rezekne.citro.lv\/ru\/wp-json\/wp\/v2\/product_cat?post=63342"},{"taxonomy":"product_tag","embeddable":true,"href":"https:\/\/rezekne.citro.lv\/ru\/wp-json\/wp\/v2\/product_tag?post=63342"}],"curies":[{"name":"wp","href":"https:\/\/api.w.org\/{rel}","templated":true}]}}