{"id":63349,"date":"2025-07-10T11:38:26","date_gmt":"2025-07-10T08:38:26","guid":{"rendered":"https:\/\/rezekne.citro.lv\/veikals\/tual-papirs-zewa-nature-lover-3-kart-8rulli\/"},"modified":"2026-01-14T06:01:26","modified_gmt":"2026-01-14T04:01:26","slug":"tual-papirs-zewa-nature-lover-3-kart-8rulli","status":"publish","type":"product","link":"https:\/\/rezekne.citro.lv\/ru\/product\/tual-papirs-zewa-nature-lover-3-kart-8rulli\/","title":{"rendered":"TUAL.PAP\u012aRS ZEWA NATURE LOVER 3 K\u0100RT.8RU\u013b\u013bI"},"content":{"rendered":"","protected":false},"excerpt":{"rendered":"<p>0.49 \u20ac\/GAB<\/p>\n","protected":false},"featured_media":63451,"template":"","meta":{"_acf_changed":false,"inline_featured_image":false},"product_cat":[131,163],"product_tag":[],"acf":[],"aioseo_notices":[],"_links":{"self":[{"href":"https:\/\/rezekne.citro.lv\/ru\/wp-json\/wp\/v2\/product\/63349"}],"collection":[{"href":"https:\/\/rezekne.citro.lv\/ru\/wp-json\/wp\/v2\/product"}],"about":[{"href":"https:\/\/rezekne.citro.lv\/ru\/wp-json\/wp\/v2\/types\/product"}],"wp:featuredmedia":[{"embeddable":true,"href":"https:\/\/rezekne.citro.lv\/ru\/wp-json\/wp\/v2\/media\/63451"}],"wp:attachment":[{"href":"https:\/\/rezekne.citro.lv\/ru\/wp-json\/wp\/v2\/media?parent=63349"}],"wp:term":[{"taxonomy":"product_cat","embeddable":true,"href":"https:\/\/rezekne.citro.lv\/ru\/wp-json\/wp\/v2\/product_cat?post=63349"},{"taxonomy":"product_tag","embeddable":true,"href":"https:\/\/rezekne.citro.lv\/ru\/wp-json\/wp\/v2\/product_tag?post=63349"}],"curies":[{"name":"wp","href":"https:\/\/api.w.org\/{rel}","templated":true}]}}