{"id":63372,"date":"2026-03-26T00:34:02","date_gmt":"2026-03-25T22:34:02","guid":{"rendered":"https:\/\/rezekne.citro.lv\/veikals\/matu-krasa-palette-w2-tumsa-sokolade\/"},"modified":"2026-03-30T06:04:11","modified_gmt":"2026-03-30T03:04:11","slug":"matu-krasa-palette-w2-tumsa-sokolade","status":"publish","type":"product","link":"https:\/\/rezekne.citro.lv\/ru\/product\/matu-krasa-palette-w2-tumsa-sokolade\/","title":{"rendered":"MATU KR\u0100SA PALETTE W2 TUM\u0160\u0100 \u0160OKOL\u0100DE"},"content":{"rendered":"","protected":false},"excerpt":{"rendered":"","protected":false},"featured_media":63478,"template":"","meta":{"_acf_changed":false,"inline_featured_image":false},"product_cat":[127,160],"product_tag":[],"acf":[],"aioseo_notices":[],"_links":{"self":[{"href":"https:\/\/rezekne.citro.lv\/ru\/wp-json\/wp\/v2\/product\/63372"}],"collection":[{"href":"https:\/\/rezekne.citro.lv\/ru\/wp-json\/wp\/v2\/product"}],"about":[{"href":"https:\/\/rezekne.citro.lv\/ru\/wp-json\/wp\/v2\/types\/product"}],"wp:featuredmedia":[{"embeddable":true,"href":"https:\/\/rezekne.citro.lv\/ru\/wp-json\/wp\/v2\/media\/63478"}],"wp:attachment":[{"href":"https:\/\/rezekne.citro.lv\/ru\/wp-json\/wp\/v2\/media?parent=63372"}],"wp:term":[{"taxonomy":"product_cat","embeddable":true,"href":"https:\/\/rezekne.citro.lv\/ru\/wp-json\/wp\/v2\/product_cat?post=63372"},{"taxonomy":"product_tag","embeddable":true,"href":"https:\/\/rezekne.citro.lv\/ru\/wp-json\/wp\/v2\/product_tag?post=63372"}],"curies":[{"name":"wp","href":"https:\/\/api.w.org\/{rel}","templated":true}]}}