{"id":63412,"date":"2026-03-12T00:02:59","date_gmt":"2026-03-11T22:02:59","guid":{"rendered":"https:\/\/rezekne.citro.lv\/veikals\/deserts-auzu-parslu-krems-ar-kiseli-citro-160g\/"},"modified":"2026-03-31T06:01:13","modified_gmt":"2026-03-31T03:01:13","slug":"deserts-auzu-parslu-krems-ar-kiseli-citro-160g","status":"publish","type":"product","link":"https:\/\/rezekne.citro.lv\/ru\/product\/deserts-auzu-parslu-krems-ar-kiseli-citro-160g\/","title":{"rendered":"DESERTS AUZU P\u0100RSLU KR\u0112MS AR \u0136\u012aSELI CITRO 160G"},"content":{"rendered":"<p>Izcelsmes valsts: Latvija<br \/>Sast\u0101vda\u013cas:\u0137\u012bselis 62.5%{\u016bdens, \u0137ir\u0161i, sausais mais\u012bjums \u0137\u012bse\u013ca pagatavo\u0161anai ar dz\u0113rve\u0146u gar\u0161u((cukurs(izcelsmes vietaES), kartupe\u013cu ciete, sk\u0101buma regul\u0113t\u0101ji(n\u0101trija citr\u0101ti, citronsk\u0101be), pretsalipes viela E551, aromatiz\u0113t\u0101ji, ,kr\u0101svielas karm\u012bns.Var satur\u0113t GLUT\u0112NA, PIENA, RIEKSTU produktu da\u013ci\u0146as)),cukurs}:  kr\u0113ms 37.5%{(AUZU P\u0100RSLAS 25.7%, SVIESTS, cukurs, konditorejas kr\u0113ms ar cukuru ((\u016bdens, piln\u012bgi hidrogen\u0113ta palmu kodolu e\u013c\u013ca25%, cukurs 12%, PIENA olbaltumvielas, emulgatori E472b, E322(SOJA), E 472e; stabiliz\u0113t\u0101ji: E460, E466, E340;aromatiz\u0113t\u0101js, kr\u0101sviela E160a)): putukr\u0113juma stabilizators((cukurs, dekstroze, m\u012bkst\u0101 SIERA pulveris(KR\u0112JUMA pulveris, PIENA pulveris, S\u016aKALU olbaltumvielas, SIERA pulveris, s\u0101ls, stabiliz\u0113t\u0101js E415)), modific\u0113ta ciete:E1414, \u017eelat\u012bns, aromatiz\u0113t\u0101js PIENA, sk\u0101buma regul\u0113t\u0101js E330, s\u0101ls )):  \u016bdens)}. Uzglab\u0101\u0161anas temperat\u016bra+2-+6C  Inform\u0101cija par uzturv\u0113rt\u012bbu: 100 g produkta satur: ener\u0123\u0113tisk\u0101 v\u0113rt\u012bba 684 kJ \/ 163kcal; tauki 4.9g, tostarp pies\u0101tin\u0101t\u0101s tauksk\u0101bes 4g; og\u013chidr\u0101ti 27.1g, tostarp cukuri 18.3g; \u0161\u0137iedrvielas 1g; olbaltumvielas 2g; s\u0101ls 0.1g.<\/p>\n","protected":false},"excerpt":{"rendered":"<p>8.44 \u20ac\/KG<\/p>\n","protected":false},"featured_media":69875,"template":"","meta":{"_acf_changed":false,"inline_featured_image":false},"product_cat":[113,221],"product_tag":[],"acf":[],"aioseo_notices":[],"_links":{"self":[{"href":"https:\/\/rezekne.citro.lv\/ru\/wp-json\/wp\/v2\/product\/63412"}],"collection":[{"href":"https:\/\/rezekne.citro.lv\/ru\/wp-json\/wp\/v2\/product"}],"about":[{"href":"https:\/\/rezekne.citro.lv\/ru\/wp-json\/wp\/v2\/types\/product"}],"wp:featuredmedia":[{"embeddable":true,"href":"https:\/\/rezekne.citro.lv\/ru\/wp-json\/wp\/v2\/media\/69875"}],"wp:attachment":[{"href":"https:\/\/rezekne.citro.lv\/ru\/wp-json\/wp\/v2\/media?parent=63412"}],"wp:term":[{"taxonomy":"product_cat","embeddable":true,"href":"https:\/\/rezekne.citro.lv\/ru\/wp-json\/wp\/v2\/product_cat?post=63412"},{"taxonomy":"product_tag","embeddable":true,"href":"https:\/\/rezekne.citro.lv\/ru\/wp-json\/wp\/v2\/product_tag?post=63412"}],"curies":[{"name":"wp","href":"https:\/\/api.w.org\/{rel}","templated":true}]}}