{"id":63542,"date":"2026-05-07T00:02:46","date_gmt":"2026-05-06T21:02:46","guid":{"rendered":"https:\/\/rezekne.citro.lv\/veikals\/pica-feliciana-ar-skinki-un-pesto-merci-sald-360g\/"},"modified":"2026-05-14T06:01:29","modified_gmt":"2026-05-14T03:01:29","slug":"pica-feliciana-ar-skinki-un-pesto-merci-sald-360g","status":"publish","type":"product","link":"https:\/\/rezekne.citro.lv\/ru\/product\/pica-feliciana-ar-skinki-un-pesto-merci-sald-360g\/","title":{"rendered":"PICA FELICIANA AR \u0160\u0136I\u0145\u0136I UN PESTO M\u0112RCI SALD. 360G"},"content":{"rendered":"<p>Izcelsmes valsts: Polija<\/p>\n","protected":false},"excerpt":{"rendered":"<p>8.31 \u20ac\/KG<\/p>\n","protected":false},"featured_media":64500,"template":"","meta":{"_acf_changed":false,"inline_featured_image":false},"product_cat":[231,232],"product_tag":[],"acf":[],"aioseo_notices":[],"_links":{"self":[{"href":"https:\/\/rezekne.citro.lv\/ru\/wp-json\/wp\/v2\/product\/63542"}],"collection":[{"href":"https:\/\/rezekne.citro.lv\/ru\/wp-json\/wp\/v2\/product"}],"about":[{"href":"https:\/\/rezekne.citro.lv\/ru\/wp-json\/wp\/v2\/types\/product"}],"wp:featuredmedia":[{"embeddable":true,"href":"https:\/\/rezekne.citro.lv\/ru\/wp-json\/wp\/v2\/media\/64500"}],"wp:attachment":[{"href":"https:\/\/rezekne.citro.lv\/ru\/wp-json\/wp\/v2\/media?parent=63542"}],"wp:term":[{"taxonomy":"product_cat","embeddable":true,"href":"https:\/\/rezekne.citro.lv\/ru\/wp-json\/wp\/v2\/product_cat?post=63542"},{"taxonomy":"product_tag","embeddable":true,"href":"https:\/\/rezekne.citro.lv\/ru\/wp-json\/wp\/v2\/product_tag?post=63542"}],"curies":[{"name":"wp","href":"https:\/\/api.w.org\/{rel}","templated":true}]}}