{"id":63551,"date":"2026-04-23T00:15:10","date_gmt":"2026-04-22T21:15:10","guid":{"rendered":"https:\/\/rezekne.citro.lv\/veikals\/siers-kausetais-valio-ar-zalumiem-un-gailenu-garsu-185g\/"},"modified":"2026-04-26T06:01:35","modified_gmt":"2026-04-26T03:01:35","slug":"siers-kausetais-valio-ar-zalumiem-un-gailenu-garsu-185g","status":"publish","type":"product","link":"https:\/\/rezekne.citro.lv\/ru\/product\/siers-kausetais-valio-ar-zalumiem-un-gailenu-garsu-185g\/","title":{"rendered":"SIERS KAUS\u0112TAIS VALIO AR ZA\u013bUMIEM UN GAILE\u0145U GAR\u0160U 185G"},"content":{"rendered":"<p>Izcelsmes valsts: Igaunija<\/p>\n","protected":false},"excerpt":{"rendered":"<p>8.05 \u20ac\/KG<\/p>\n","protected":false},"featured_media":64381,"template":"","meta":{"_acf_changed":false,"inline_featured_image":false},"product_cat":[95,535],"product_tag":[],"acf":[],"aioseo_notices":[],"_links":{"self":[{"href":"https:\/\/rezekne.citro.lv\/ru\/wp-json\/wp\/v2\/product\/63551"}],"collection":[{"href":"https:\/\/rezekne.citro.lv\/ru\/wp-json\/wp\/v2\/product"}],"about":[{"href":"https:\/\/rezekne.citro.lv\/ru\/wp-json\/wp\/v2\/types\/product"}],"wp:featuredmedia":[{"embeddable":true,"href":"https:\/\/rezekne.citro.lv\/ru\/wp-json\/wp\/v2\/media\/64381"}],"wp:attachment":[{"href":"https:\/\/rezekne.citro.lv\/ru\/wp-json\/wp\/v2\/media?parent=63551"}],"wp:term":[{"taxonomy":"product_cat","embeddable":true,"href":"https:\/\/rezekne.citro.lv\/ru\/wp-json\/wp\/v2\/product_cat?post=63551"},{"taxonomy":"product_tag","embeddable":true,"href":"https:\/\/rezekne.citro.lv\/ru\/wp-json\/wp\/v2\/product_tag?post=63551"}],"curies":[{"name":"wp","href":"https:\/\/api.w.org\/{rel}","templated":true}]}}