{"id":63589,"date":"2026-05-12T00:02:09","date_gmt":"2026-05-11T21:02:09","guid":{"rendered":"https:\/\/rezekne.citro.lv\/veikals\/cukgalas-masa-fas-kg-kgs\/"},"modified":"2026-05-12T00:02:12","modified_gmt":"2026-05-11T21:02:12","slug":"cukgalas-masa-fas-kg-kgs","status":"publish","type":"product","link":"https:\/\/rezekne.citro.lv\/ru\/product\/cukgalas-masa-fas-kg-kgs\/","title":{"rendered":"C\u016aKGA\u013bAS MASA FAS.KG KGS"},"content":{"rendered":"<p>Izcelsmes valsts: Latvija<br \/>Uzglab.t. +0+4 Ra\u017eot\u0101js: Kurzemes Ga\u013csaimnieks SIA<\/p>\n","protected":false},"excerpt":{"rendered":"<p>4.59 \u20ac\/KG<\/p>\n","protected":false},"featured_media":63759,"template":"","meta":{"_acf_changed":false,"inline_featured_image":false},"product_cat":[135,190],"product_tag":[],"acf":[],"aioseo_notices":[],"_links":{"self":[{"href":"https:\/\/rezekne.citro.lv\/ru\/wp-json\/wp\/v2\/product\/63589"}],"collection":[{"href":"https:\/\/rezekne.citro.lv\/ru\/wp-json\/wp\/v2\/product"}],"about":[{"href":"https:\/\/rezekne.citro.lv\/ru\/wp-json\/wp\/v2\/types\/product"}],"wp:featuredmedia":[{"embeddable":true,"href":"https:\/\/rezekne.citro.lv\/ru\/wp-json\/wp\/v2\/media\/63759"}],"wp:attachment":[{"href":"https:\/\/rezekne.citro.lv\/ru\/wp-json\/wp\/v2\/media?parent=63589"}],"wp:term":[{"taxonomy":"product_cat","embeddable":true,"href":"https:\/\/rezekne.citro.lv\/ru\/wp-json\/wp\/v2\/product_cat?post=63589"},{"taxonomy":"product_tag","embeddable":true,"href":"https:\/\/rezekne.citro.lv\/ru\/wp-json\/wp\/v2\/product_tag?post=63589"}],"curies":[{"name":"wp","href":"https:\/\/api.w.org\/{rel}","templated":true}]}}