{"id":63591,"date":"2026-01-02T00:05:57","date_gmt":"2026-01-01T22:05:57","guid":{"rendered":"https:\/\/rezekne.citro.lv\/veikals\/silkes-fileja-majas-gaume-gabalini-200g-130g-lucki\/"},"modified":"2026-05-07T06:01:34","modified_gmt":"2026-05-07T03:01:34","slug":"silkes-fileja-majas-gaume-gabalini-200g-130g-lucki","status":"publish","type":"product","link":"https:\/\/rezekne.citro.lv\/ru\/product\/silkes-fileja-majas-gaume-gabalini-200g-130g-lucki\/","title":{"rendered":"SI\u013b\u0136ES FILEJA M\u0100JAS GAUM\u0112 GABALI\u0145I 200G\/130G LUCKI"},"content":{"rendered":"<p>Izcelsmes valsts: Latvija<\/p>\n","protected":false},"excerpt":{"rendered":"<p>18.38 \u20ac\/KG<\/p>\n","protected":false},"featured_media":63760,"template":"","meta":{"_acf_changed":false,"inline_featured_image":false},"product_cat":[135,136],"product_tag":[],"acf":[],"aioseo_notices":[],"_links":{"self":[{"href":"https:\/\/rezekne.citro.lv\/ru\/wp-json\/wp\/v2\/product\/63591"}],"collection":[{"href":"https:\/\/rezekne.citro.lv\/ru\/wp-json\/wp\/v2\/product"}],"about":[{"href":"https:\/\/rezekne.citro.lv\/ru\/wp-json\/wp\/v2\/types\/product"}],"wp:featuredmedia":[{"embeddable":true,"href":"https:\/\/rezekne.citro.lv\/ru\/wp-json\/wp\/v2\/media\/63760"}],"wp:attachment":[{"href":"https:\/\/rezekne.citro.lv\/ru\/wp-json\/wp\/v2\/media?parent=63591"}],"wp:term":[{"taxonomy":"product_cat","embeddable":true,"href":"https:\/\/rezekne.citro.lv\/ru\/wp-json\/wp\/v2\/product_cat?post=63591"},{"taxonomy":"product_tag","embeddable":true,"href":"https:\/\/rezekne.citro.lv\/ru\/wp-json\/wp\/v2\/product_tag?post=63591"}],"curies":[{"name":"wp","href":"https:\/\/api.w.org\/{rel}","templated":true}]}}