{"id":63599,"date":"2026-03-26T00:15:25","date_gmt":"2026-03-25T22:15:25","guid":{"rendered":"https:\/\/rezekne.citro.lv\/veikals\/deserts-mertinger-sokolades-ar-putukrejumu-125g\/"},"modified":"2026-04-06T12:00:06","modified_gmt":"2026-04-06T09:00:06","slug":"deserts-mertinger-sokolades-ar-putukrejumu-125g","status":"publish","type":"product","link":"https:\/\/rezekne.citro.lv\/ru\/product\/deserts-mertinger-sokolades-ar-putukrejumu-125g\/","title":{"rendered":"DESERTS MERTINGER \u0160OKOL\u0100DES AR PUTUKR\u0112JUMU 125G"},"content":{"rendered":"<p>Izcelsmes valsts: V\u0101cija<\/p>\n","protected":false},"excerpt":{"rendered":"<p>3.60 \u20ac\/KG<\/p>\n","protected":false},"featured_media":63766,"template":"","meta":{"_acf_changed":false,"inline_featured_image":false},"product_cat":[95,188],"product_tag":[],"acf":[],"aioseo_notices":[],"_links":{"self":[{"href":"https:\/\/rezekne.citro.lv\/ru\/wp-json\/wp\/v2\/product\/63599"}],"collection":[{"href":"https:\/\/rezekne.citro.lv\/ru\/wp-json\/wp\/v2\/product"}],"about":[{"href":"https:\/\/rezekne.citro.lv\/ru\/wp-json\/wp\/v2\/types\/product"}],"wp:featuredmedia":[{"embeddable":true,"href":"https:\/\/rezekne.citro.lv\/ru\/wp-json\/wp\/v2\/media\/63766"}],"wp:attachment":[{"href":"https:\/\/rezekne.citro.lv\/ru\/wp-json\/wp\/v2\/media?parent=63599"}],"wp:term":[{"taxonomy":"product_cat","embeddable":true,"href":"https:\/\/rezekne.citro.lv\/ru\/wp-json\/wp\/v2\/product_cat?post=63599"},{"taxonomy":"product_tag","embeddable":true,"href":"https:\/\/rezekne.citro.lv\/ru\/wp-json\/wp\/v2\/product_tag?post=63599"}],"curies":[{"name":"wp","href":"https:\/\/api.w.org\/{rel}","templated":true}]}}