{"id":63603,"date":"2026-03-12T00:03:07","date_gmt":"2026-03-11T22:03:07","guid":{"rendered":"https:\/\/rezekne.citro.lv\/veikals\/rujienas-salati-citro-300g\/"},"modified":"2026-03-14T06:01:56","modified_gmt":"2026-03-14T04:01:56","slug":"rujienas-salati-citro-300g","status":"publish","type":"product","link":"https:\/\/rezekne.citro.lv\/ru\/product\/rujienas-salati-citro-300g\/","title":{"rendered":"R\u016aJIENAS SAL\u0100TI CITRO 300G"},"content":{"rendered":"<p>Izcelsmes valsts: Latvija<br \/>Satur saldin\u0101t\u0101ju.Sast\u0101vda\u013cas: bietes v\u0101r\u012btas: majon\u0113ze ((saulespu\u0137u e\u013c\u013ca , dzeramais \u016bdens,cukurs,  OLU dzeltenums, v\u0101r\u0101m\u0101 s\u0101ls,emulgators(ciete), sk\u0101buma regul\u0113t\u0101ji (eti\u0137sk\u0101be, citronsk\u0101be),dabiskas izcelsmes stabilizatori(ksant\u0101na sve\u0137i), konservants (k\u0101lija sorb\u0101ts), aromatiz\u0113t\u0101js SINEPES, antioksidants(E385), dabig\u0101 kr\u0101sviela (B- karot\u012bns)): gur\u0137i marin\u0113ti ar saldin\u0101t\u0101ju  (gur\u0137i, \u016bdens,  eti\u0137is, s\u0101ls, gar\u0161vielu ekstrakts satur SINEPES,  saldin\u0101t\u0101js sahar\u012bnsE954): za\u013cie zirn\u012b\u0161i (zalie zirn\u012b\u0161i(70%) , \u016bdens, s\u0101ls, cukurs):  s\u0101ls Uzglab\u0101\u0161anas temperat\u016bra,+2-+6C  Inform\u0101cija par uzturv\u0113rt\u012bbu. 100 g produkta satur: ener\u0123\u0113tisk\u0101 v\u0113rt\u012bba 595 kJ \/ 144kcal; tauki 11.3g, tostarp pies\u0101tin\u0101t\u0101s tauksk\u0101bes 1.2g; og\u013chidr\u0101ti 7.7g, tostarp cukuri 5g; \u0161\u0137iedrvielas 2.4g; olbaltumvielas 1.6g; s\u0101ls 0.7g.<\/p>\n","protected":false},"excerpt":{"rendered":"<p>4.50 \u20ac\/KG<\/p>\n","protected":false},"featured_media":63621,"template":"","meta":{"_acf_changed":false,"inline_featured_image":false},"product_cat":[113,212],"product_tag":[],"acf":[],"aioseo_notices":[],"_links":{"self":[{"href":"https:\/\/rezekne.citro.lv\/ru\/wp-json\/wp\/v2\/product\/63603"}],"collection":[{"href":"https:\/\/rezekne.citro.lv\/ru\/wp-json\/wp\/v2\/product"}],"about":[{"href":"https:\/\/rezekne.citro.lv\/ru\/wp-json\/wp\/v2\/types\/product"}],"wp:featuredmedia":[{"embeddable":true,"href":"https:\/\/rezekne.citro.lv\/ru\/wp-json\/wp\/v2\/media\/63621"}],"wp:attachment":[{"href":"https:\/\/rezekne.citro.lv\/ru\/wp-json\/wp\/v2\/media?parent=63603"}],"wp:term":[{"taxonomy":"product_cat","embeddable":true,"href":"https:\/\/rezekne.citro.lv\/ru\/wp-json\/wp\/v2\/product_cat?post=63603"},{"taxonomy":"product_tag","embeddable":true,"href":"https:\/\/rezekne.citro.lv\/ru\/wp-json\/wp\/v2\/product_tag?post=63603"}],"curies":[{"name":"wp","href":"https:\/\/api.w.org\/{rel}","templated":true}]}}