{"id":63608,"date":"2026-04-09T00:03:45","date_gmt":"2026-04-08T21:03:45","guid":{"rendered":"https:\/\/rezekne.citro.lv\/veikals\/kuka-siera-ar-salo-karameli-500g-smiltenes-piens\/"},"modified":"2026-04-09T00:03:49","modified_gmt":"2026-04-08T21:03:49","slug":"kuka-siera-ar-salo-karameli-500g-smiltenes-piens","status":"publish","type":"product","link":"https:\/\/rezekne.citro.lv\/ru\/product\/kuka-siera-ar-salo-karameli-500g-smiltenes-piens\/","title":{"rendered":"K\u016aKA SIERA AR S\u0100\u013bO KARAMELI 500G SMILTENES PIENS"},"content":{"rendered":"","protected":false},"excerpt":{"rendered":"<p>9.18 \u20ac\/KG<\/p>\n","protected":false},"featured_media":63772,"template":"","meta":{"_acf_changed":false,"inline_featured_image":false},"product_cat":[109,220],"product_tag":[],"acf":[],"aioseo_notices":[],"_links":{"self":[{"href":"https:\/\/rezekne.citro.lv\/ru\/wp-json\/wp\/v2\/product\/63608"}],"collection":[{"href":"https:\/\/rezekne.citro.lv\/ru\/wp-json\/wp\/v2\/product"}],"about":[{"href":"https:\/\/rezekne.citro.lv\/ru\/wp-json\/wp\/v2\/types\/product"}],"wp:featuredmedia":[{"embeddable":true,"href":"https:\/\/rezekne.citro.lv\/ru\/wp-json\/wp\/v2\/media\/63772"}],"wp:attachment":[{"href":"https:\/\/rezekne.citro.lv\/ru\/wp-json\/wp\/v2\/media?parent=63608"}],"wp:term":[{"taxonomy":"product_cat","embeddable":true,"href":"https:\/\/rezekne.citro.lv\/ru\/wp-json\/wp\/v2\/product_cat?post=63608"},{"taxonomy":"product_tag","embeddable":true,"href":"https:\/\/rezekne.citro.lv\/ru\/wp-json\/wp\/v2\/product_tag?post=63608"}],"curies":[{"name":"wp","href":"https:\/\/api.w.org\/{rel}","templated":true}]}}