{"id":63610,"date":"2026-03-26T00:15:25","date_gmt":"2026-03-25T22:15:25","guid":{"rendered":"https:\/\/rezekne.citro.lv\/veikals\/bretlinas-apceptas-tomatu-merce-240g\/"},"modified":"2026-04-24T06:01:24","modified_gmt":"2026-04-24T03:01:24","slug":"bretlinas-apceptas-tomatu-merce-240g","status":"publish","type":"product","link":"https:\/\/rezekne.citro.lv\/ru\/product\/bretlinas-apceptas-tomatu-merce-240g\/","title":{"rendered":"BR\u0112TLI\u0145AS APCEPTAS TOM\u0100TU M\u0112RC\u0112 240G"},"content":{"rendered":"<p>Izcelsmes valsts: Latvija<\/p>\n","protected":false},"excerpt":{"rendered":"<p>7.88 \u20ac\/KG<\/p>\n","protected":false},"featured_media":63774,"template":"","meta":{"_acf_changed":false,"inline_featured_image":false},"product_cat":[135,136],"product_tag":[],"acf":[],"aioseo_notices":[],"_links":{"self":[{"href":"https:\/\/rezekne.citro.lv\/ru\/wp-json\/wp\/v2\/product\/63610"}],"collection":[{"href":"https:\/\/rezekne.citro.lv\/ru\/wp-json\/wp\/v2\/product"}],"about":[{"href":"https:\/\/rezekne.citro.lv\/ru\/wp-json\/wp\/v2\/types\/product"}],"wp:featuredmedia":[{"embeddable":true,"href":"https:\/\/rezekne.citro.lv\/ru\/wp-json\/wp\/v2\/media\/63774"}],"wp:attachment":[{"href":"https:\/\/rezekne.citro.lv\/ru\/wp-json\/wp\/v2\/media?parent=63610"}],"wp:term":[{"taxonomy":"product_cat","embeddable":true,"href":"https:\/\/rezekne.citro.lv\/ru\/wp-json\/wp\/v2\/product_cat?post=63610"},{"taxonomy":"product_tag","embeddable":true,"href":"https:\/\/rezekne.citro.lv\/ru\/wp-json\/wp\/v2\/product_tag?post=63610"}],"curies":[{"name":"wp","href":"https:\/\/api.w.org\/{rel}","templated":true}]}}