{"id":63629,"date":"2026-04-23T00:02:44","date_gmt":"2026-04-22T21:02:44","guid":{"rendered":"https:\/\/rezekne.citro.lv\/veikals\/persiki-viegla-sirupa-820g\/"},"modified":"2026-04-23T00:02:49","modified_gmt":"2026-04-22T21:02:49","slug":"persiki-viegla-sirupa-820g","status":"publish","type":"product","link":"https:\/\/rezekne.citro.lv\/ru\/product\/persiki-viegla-sirupa-820g\/","title":{"rendered":"PERSIKI VIEGL\u0100 S\u012aRUP\u0100 820G"},"content":{"rendered":"<p>Izcelsmes valsts: Grie\u0137ija<\/p>\n","protected":false},"excerpt":{"rendered":"<p>2.55 \u20ac\/KG<\/p>\n","protected":false},"featured_media":0,"template":"","meta":{"_acf_changed":false,"inline_featured_image":false},"product_cat":[103,193],"product_tag":[],"acf":[],"aioseo_notices":[],"_links":{"self":[{"href":"https:\/\/rezekne.citro.lv\/ru\/wp-json\/wp\/v2\/product\/63629"}],"collection":[{"href":"https:\/\/rezekne.citro.lv\/ru\/wp-json\/wp\/v2\/product"}],"about":[{"href":"https:\/\/rezekne.citro.lv\/ru\/wp-json\/wp\/v2\/types\/product"}],"wp:attachment":[{"href":"https:\/\/rezekne.citro.lv\/ru\/wp-json\/wp\/v2\/media?parent=63629"}],"wp:term":[{"taxonomy":"product_cat","embeddable":true,"href":"https:\/\/rezekne.citro.lv\/ru\/wp-json\/wp\/v2\/product_cat?post=63629"},{"taxonomy":"product_tag","embeddable":true,"href":"https:\/\/rezekne.citro.lv\/ru\/wp-json\/wp\/v2\/product_tag?post=63629"}],"curies":[{"name":"wp","href":"https:\/\/api.w.org\/{rel}","templated":true}]}}