{"id":63636,"date":"2026-03-24T00:01:59","date_gmt":"2026-03-23T22:01:59","guid":{"rendered":"https:\/\/rezekne.citro.lv\/veikals\/bariba-kakiem-pilnvertiga-sausa-sausa-ar-vistas-galu-500g\/"},"modified":"2026-05-13T06:01:21","modified_gmt":"2026-05-13T03:01:21","slug":"bariba-kakiem-pilnvertiga-sausa-sausa-ar-vistas-galu-500g","status":"publish","type":"product","link":"https:\/\/rezekne.citro.lv\/ru\/product\/bariba-kakiem-pilnvertiga-sausa-sausa-ar-vistas-galu-500g\/","title":{"rendered":"BAR\u012aBA KA\u0136IEM PILNV\u0112RT\u012aGA SAUS\u0100 BONY CAT AR VISTAS GA\u013bU 500G"},"content":{"rendered":"<p>Izcelsmes valsts: Ukraina<\/p>\n","protected":false},"excerpt":{"rendered":"<p>2.18 \u20ac\/KG<\/p>\n","protected":false},"featured_media":63819,"template":"","meta":{"_acf_changed":false,"inline_featured_image":false},"product_cat":[153,175],"product_tag":[],"acf":[],"aioseo_notices":[],"_links":{"self":[{"href":"https:\/\/rezekne.citro.lv\/ru\/wp-json\/wp\/v2\/product\/63636"}],"collection":[{"href":"https:\/\/rezekne.citro.lv\/ru\/wp-json\/wp\/v2\/product"}],"about":[{"href":"https:\/\/rezekne.citro.lv\/ru\/wp-json\/wp\/v2\/types\/product"}],"wp:featuredmedia":[{"embeddable":true,"href":"https:\/\/rezekne.citro.lv\/ru\/wp-json\/wp\/v2\/media\/63819"}],"wp:attachment":[{"href":"https:\/\/rezekne.citro.lv\/ru\/wp-json\/wp\/v2\/media?parent=63636"}],"wp:term":[{"taxonomy":"product_cat","embeddable":true,"href":"https:\/\/rezekne.citro.lv\/ru\/wp-json\/wp\/v2\/product_cat?post=63636"},{"taxonomy":"product_tag","embeddable":true,"href":"https:\/\/rezekne.citro.lv\/ru\/wp-json\/wp\/v2\/product_tag?post=63636"}],"curies":[{"name":"wp","href":"https:\/\/api.w.org\/{rel}","templated":true}]}}