{"id":63641,"date":"2026-04-23T00:15:34","date_gmt":"2026-04-22T21:15:34","guid":{"rendered":"https:\/\/rezekne.citro.lv\/veikals\/tomati-mizoti-griezti-tomatu-sula-400g-240g-gemoss-collection\/"},"modified":"2026-05-01T06:01:49","modified_gmt":"2026-05-01T03:01:49","slug":"tomati-mizoti-griezti-tomatu-sula-400g-240g-gemoss-collection","status":"publish","type":"product","link":"https:\/\/rezekne.citro.lv\/ru\/product\/tomati-mizoti-griezti-tomatu-sula-400g-240g-gemoss-collection\/","title":{"rendered":"TOM\u0100TI MIZOTI GRIEZTI TOM\u0100TU SUL\u0100 400G\/240G GEMOSS COLLECTION"},"content":{"rendered":"<p>Izcelsmes valsts: It\u0101lija<\/p>\n","protected":false},"excerpt":{"rendered":"<p>3.71 \u20ac\/KG<\/p>\n","protected":false},"featured_media":74358,"template":"","meta":{"_acf_changed":false,"inline_featured_image":false},"product_cat":[103,137],"product_tag":[],"acf":[],"aioseo_notices":[],"_links":{"self":[{"href":"https:\/\/rezekne.citro.lv\/ru\/wp-json\/wp\/v2\/product\/63641"}],"collection":[{"href":"https:\/\/rezekne.citro.lv\/ru\/wp-json\/wp\/v2\/product"}],"about":[{"href":"https:\/\/rezekne.citro.lv\/ru\/wp-json\/wp\/v2\/types\/product"}],"wp:featuredmedia":[{"embeddable":true,"href":"https:\/\/rezekne.citro.lv\/ru\/wp-json\/wp\/v2\/media\/74358"}],"wp:attachment":[{"href":"https:\/\/rezekne.citro.lv\/ru\/wp-json\/wp\/v2\/media?parent=63641"}],"wp:term":[{"taxonomy":"product_cat","embeddable":true,"href":"https:\/\/rezekne.citro.lv\/ru\/wp-json\/wp\/v2\/product_cat?post=63641"},{"taxonomy":"product_tag","embeddable":true,"href":"https:\/\/rezekne.citro.lv\/ru\/wp-json\/wp\/v2\/product_tag?post=63641"}],"curies":[{"name":"wp","href":"https:\/\/api.w.org\/{rel}","templated":true}]}}