{"id":63642,"date":"2026-03-26T00:15:25","date_gmt":"2026-03-25T22:15:25","guid":{"rendered":"https:\/\/rezekne.citro.lv\/veikals\/sirups-ar-meza-zemenu-garsu-320ml-spilva\/"},"modified":"2026-04-13T06:01:41","modified_gmt":"2026-04-13T03:01:41","slug":"sirups-ar-meza-zemenu-garsu-320ml-spilva","status":"publish","type":"product","link":"https:\/\/rezekne.citro.lv\/ru\/product\/sirups-ar-meza-zemenu-garsu-320ml-spilva\/","title":{"rendered":"S\u012aRUPS AR ME\u017dA ZEME\u0145U GAR\u0160U 320ML SPILVA"},"content":{"rendered":"<p>Izcelsmes valsts: Latvija<\/p>\n","protected":false},"excerpt":{"rendered":"<p>3.72 \u20ac\/L<\/p>\n","protected":false},"featured_media":64329,"template":"","meta":{"_acf_changed":false,"inline_featured_image":false},"product_cat":[103,193],"product_tag":[],"acf":[],"aioseo_notices":[],"_links":{"self":[{"href":"https:\/\/rezekne.citro.lv\/ru\/wp-json\/wp\/v2\/product\/63642"}],"collection":[{"href":"https:\/\/rezekne.citro.lv\/ru\/wp-json\/wp\/v2\/product"}],"about":[{"href":"https:\/\/rezekne.citro.lv\/ru\/wp-json\/wp\/v2\/types\/product"}],"wp:featuredmedia":[{"embeddable":true,"href":"https:\/\/rezekne.citro.lv\/ru\/wp-json\/wp\/v2\/media\/64329"}],"wp:attachment":[{"href":"https:\/\/rezekne.citro.lv\/ru\/wp-json\/wp\/v2\/media?parent=63642"}],"wp:term":[{"taxonomy":"product_cat","embeddable":true,"href":"https:\/\/rezekne.citro.lv\/ru\/wp-json\/wp\/v2\/product_cat?post=63642"},{"taxonomy":"product_tag","embeddable":true,"href":"https:\/\/rezekne.citro.lv\/ru\/wp-json\/wp\/v2\/product_tag?post=63642"}],"curies":[{"name":"wp","href":"https:\/\/api.w.org\/{rel}","templated":true}]}}