{"id":63644,"date":"2026-05-07T00:02:59","date_gmt":"2026-05-06T21:02:59","guid":{"rendered":"https:\/\/rezekne.citro.lv\/veikals\/bariba-kakiem-sausa-perfect-fit-indoor-multi-ar-vistas-galu-1-4kg\/"},"modified":"2026-05-07T00:03:05","modified_gmt":"2026-05-06T21:03:05","slug":"bariba-kakiem-sausa-perfect-fit-indoor-multi-ar-vistas-galu-1-4kg","status":"publish","type":"product","link":"https:\/\/rezekne.citro.lv\/ru\/product\/bariba-kakiem-sausa-perfect-fit-indoor-multi-ar-vistas-galu-1-4kg\/","title":{"rendered":"BAR\u012aBA KA\u0136IEM SAUS\u0100 PERFECT FIT INDOOR MULTI AR VISTAS GA\u013bU 1.4KG\u00a0\u00a0\u00a0"},"content":{"rendered":"<p>Izcelsmes valsts: V\u0101cija<\/p>\n","protected":false},"excerpt":{"rendered":"<p>5.35 \u20ac\/KG<\/p>\n","protected":false},"featured_media":63820,"template":"","meta":{"_acf_changed":false,"inline_featured_image":false},"product_cat":[153,175],"product_tag":[],"acf":[],"aioseo_notices":[],"_links":{"self":[{"href":"https:\/\/rezekne.citro.lv\/ru\/wp-json\/wp\/v2\/product\/63644"}],"collection":[{"href":"https:\/\/rezekne.citro.lv\/ru\/wp-json\/wp\/v2\/product"}],"about":[{"href":"https:\/\/rezekne.citro.lv\/ru\/wp-json\/wp\/v2\/types\/product"}],"wp:featuredmedia":[{"embeddable":true,"href":"https:\/\/rezekne.citro.lv\/ru\/wp-json\/wp\/v2\/media\/63820"}],"wp:attachment":[{"href":"https:\/\/rezekne.citro.lv\/ru\/wp-json\/wp\/v2\/media?parent=63644"}],"wp:term":[{"taxonomy":"product_cat","embeddable":true,"href":"https:\/\/rezekne.citro.lv\/ru\/wp-json\/wp\/v2\/product_cat?post=63644"},{"taxonomy":"product_tag","embeddable":true,"href":"https:\/\/rezekne.citro.lv\/ru\/wp-json\/wp\/v2\/product_tag?post=63644"}],"curies":[{"name":"wp","href":"https:\/\/api.w.org\/{rel}","templated":true}]}}